{"id":975,"date":"2022-10-03T19:06:55","date_gmt":"2022-10-03T19:06:55","guid":{"rendered":"https:\/\/tir-annonay.fr\/?page_id=975"},"modified":"2026-04-20T19:44:58","modified_gmt":"2026-04-20T19:44:58","slug":"inscriptions-aux-competitions-2","status":"publish","type":"page","link":"https:\/\/www.tir-annonay.fr\/?page_id=975","title":{"rendered":"Inscriptions en ligne aux comp\u00e9titions"},"content":{"rendered":"\n<hr class=\"wp-block-separator has-alpha-channel-opacity\"\/>\n\n\n\n<p class=\"has-medium-font-size\"><strong>D\u00e9p 25-50m<\/strong> les 24-25-26 avril \u00e0 Lamastre:<\/p>\n\n\n\n<p><a href=\"https:\/\/www.tir-annonay.fr\/wp-content\/uploads\/2026\/04\/2026_poste_tir-3.pdf\" target=\"_blank\" rel=\"noopener\" title=\"\">Plan de tir pr\u00e9visionnel<\/a> (version du 16 avril 2026)<\/p>\n\n\n\n<p><a href=\"https:\/\/www.tir-annonay.fr\/wp-content\/uploads\/2026\/04\/2026_series_tirs-1.pdf\" target=\"_blank\" rel=\"noopener\" title=\"\">Liste des s\u00e9ries<\/a><\/p>\n\n\n\n<hr class=\"wp-block-separator has-alpha-channel-opacity\"\/>\n\n\n\n<p><strong>R\u00e9g Armes Anciennes<\/strong> les 2-3 mai \u00e0 Douvaine :<\/p>\n\n\n\n<p>consulter la <a href=\"https:\/\/www.liguetirdauphinesavoie.com\/en-savoir-plus\/armes-anciennes-143746\" title=\"\">page d\u00e9di\u00e9e<\/a> du site de la Ligue DS (et pensez \u00e0 vous inscrire par mail aux repas!)<\/p>\n","protected":false},"excerpt":{"rendered":"<p>D\u00e9p 25-50m les 24-25-26 avril \u00e0 Lamastre: Plan de tir pr\u00e9visionnel (version du 16 avril 2026) Liste des s\u00e9ries R\u00e9g Armes Anciennes les 2-3 mai \u00e0 Douvaine : consulter la page d\u00e9di\u00e9e du site de la Ligue DS (et pensez \u00e0 vous inscrire par mail aux repas!)<\/p>\n","protected":false},"author":3,"featured_media":0,"parent":0,"menu_order":0,"comment_status":"closed","ping_status":"closed","template":"","meta":{"_mc_calendar":[],"footnotes":""},"class_list":["post-975","page","type-page","status-publish","hentry"],"aioseo_notices":[],"_links":{"self":[{"href":"https:\/\/www.tir-annonay.fr\/index.php?rest_route=\/wp\/v2\/pages\/975","targetHints":{"allow":["GET"]}}],"collection":[{"href":"https:\/\/www.tir-annonay.fr\/index.php?rest_route=\/wp\/v2\/pages"}],"about":[{"href":"https:\/\/www.tir-annonay.fr\/index.php?rest_route=\/wp\/v2\/types\/page"}],"author":[{"embeddable":true,"href":"https:\/\/www.tir-annonay.fr\/index.php?rest_route=\/wp\/v2\/users\/3"}],"replies":[{"embeddable":true,"href":"https:\/\/www.tir-annonay.fr\/index.php?rest_route=%2Fwp%2Fv2%2Fcomments&post=975"}],"version-history":[{"count":49,"href":"https:\/\/www.tir-annonay.fr\/index.php?rest_route=\/wp\/v2\/pages\/975\/revisions"}],"predecessor-version":[{"id":1949,"href":"https:\/\/www.tir-annonay.fr\/index.php?rest_route=\/wp\/v2\/pages\/975\/revisions\/1949"}],"wp:attachment":[{"href":"https:\/\/www.tir-annonay.fr\/index.php?rest_route=%2Fwp%2Fv2%2Fmedia&parent=975"}],"curies":[{"name":"wp","href":"https:\/\/api.w.org\/{rel}","templated":true}]}}