{"id":94,"date":"2019-05-14T14:03:07","date_gmt":"2019-05-14T14:03:07","guid":{"rendered":"http:\/\/www.tir-annonay.fr\/?page_id=94"},"modified":"2026-01-30T20:25:05","modified_gmt":"2026-01-30T20:25:05","slug":"galeries","status":"publish","type":"page","link":"https:\/\/www.tir-annonay.fr\/?page_id=94","title":{"rendered":"Installations"},"content":{"rendered":"\n<hr class=\"wp-block-separator has-css-opacity\"\/>\n\n\n\n<h2 class=\"wp-block-heading has-text-align-center\">Le pas de tir Air Comprim\u00e9 \u00e0 10 m\u00e8tres:<\/h2>\n\n\n\n<hr class=\"wp-block-separator has-css-opacity\"\/>\n\n\n\n<h4 class=\"wp-block-heading has-text-align-center\">Le 10m a fait peau neuve cet \u00e9t\u00e9 2024 avec un total de 16 + 4 + 1 postes:<\/h4>\n\n\n\n<ul class=\"wp-block-list\">\n<li>12 postes pr\u00e9cision carabine\/pistolet classiques,<\/li>\n\n\n\n<li>4 postes pistolet pr\u00e9cision\/standard\/3&#215;7<\/li>\n\n\n\n<li>1 poste pistolet vitesse (amovible avec 2 postes standard)<\/li>\n\n\n\n<li>4 cibles \u00e9lectroniques <em><a href=\"https:\/\/sportquantum.com\/\" target=\"_blank\" rel=\"noopener\" title=\"\">Sport Quantum<\/a><\/em><\/li>\n<\/ul>\n\n\n\n<p><\/p>\n\n\n\n<figure class=\"wp-block-gallery has-nested-images columns-1 is-cropped wp-block-gallery-1 is-layout-flex wp-block-gallery-is-layout-flex\">\n<figure class=\"wp-block-image size-large\"><img loading=\"lazy\" decoding=\"async\" width=\"1024\" height=\"576\" data-id=\"1424\" src=\"https:\/\/www.tir-annonay.fr\/wp-content\/uploads\/2024\/08\/DSC_3498-1024x576.jpg\" alt=\"\" class=\"wp-image-1424\" srcset=\"https:\/\/www.tir-annonay.fr\/wp-content\/uploads\/2024\/08\/DSC_3498-1024x576.jpg 1024w, https:\/\/www.tir-annonay.fr\/wp-content\/uploads\/2024\/08\/DSC_3498-300x169.jpg 300w, https:\/\/www.tir-annonay.fr\/wp-content\/uploads\/2024\/08\/DSC_3498-768x432.jpg 768w, https:\/\/www.tir-annonay.fr\/wp-content\/uploads\/2024\/08\/DSC_3498-1536x864.jpg 1536w, https:\/\/www.tir-annonay.fr\/wp-content\/uploads\/2024\/08\/DSC_3498-2048x1152.jpg 2048w, https:\/\/www.tir-annonay.fr\/wp-content\/uploads\/2024\/08\/DSC_3498-1920x1080.jpg 1920w\" sizes=\"auto, (max-width: 1024px) 100vw, 1024px\" \/><\/figure>\n\n\n\n<figure class=\"wp-block-image size-large\"><img loading=\"lazy\" decoding=\"async\" width=\"1024\" height=\"576\" data-id=\"1423\" src=\"https:\/\/www.tir-annonay.fr\/wp-content\/uploads\/2024\/08\/DSC_3495-1024x576.jpg\" alt=\"\" class=\"wp-image-1423\" srcset=\"https:\/\/www.tir-annonay.fr\/wp-content\/uploads\/2024\/08\/DSC_3495-1024x576.jpg 1024w, https:\/\/www.tir-annonay.fr\/wp-content\/uploads\/2024\/08\/DSC_3495-300x169.jpg 300w, https:\/\/www.tir-annonay.fr\/wp-content\/uploads\/2024\/08\/DSC_3495-768x432.jpg 768w, https:\/\/www.tir-annonay.fr\/wp-content\/uploads\/2024\/08\/DSC_3495-1536x864.jpg 1536w, https:\/\/www.tir-annonay.fr\/wp-content\/uploads\/2024\/08\/DSC_3495-2048x1152.jpg 2048w, https:\/\/www.tir-annonay.fr\/wp-content\/uploads\/2024\/08\/DSC_3495-1920x1080.jpg 1920w\" sizes=\"auto, (max-width: 1024px) 100vw, 1024px\" \/><\/figure>\n\n\n\n<figure class=\"wp-block-image size-large\"><img loading=\"lazy\" decoding=\"async\" width=\"1024\" height=\"576\" data-id=\"1422\" src=\"https:\/\/www.tir-annonay.fr\/wp-content\/uploads\/2024\/08\/DSC_3499-1024x576.jpg\" alt=\"\" class=\"wp-image-1422\" srcset=\"https:\/\/www.tir-annonay.fr\/wp-content\/uploads\/2024\/08\/DSC_3499-1024x576.jpg 1024w, https:\/\/www.tir-annonay.fr\/wp-content\/uploads\/2024\/08\/DSC_3499-300x169.jpg 300w, https:\/\/www.tir-annonay.fr\/wp-content\/uploads\/2024\/08\/DSC_3499-768x432.jpg 768w, https:\/\/www.tir-annonay.fr\/wp-content\/uploads\/2024\/08\/DSC_3499-1536x864.jpg 1536w, https:\/\/www.tir-annonay.fr\/wp-content\/uploads\/2024\/08\/DSC_3499-2048x1152.jpg 2048w, https:\/\/www.tir-annonay.fr\/wp-content\/uploads\/2024\/08\/DSC_3499-1920x1080.jpg 1920w\" sizes=\"auto, (max-width: 1024px) 100vw, 1024px\" \/><\/figure>\n\n\n\n<figure class=\"wp-block-image size-large\"><img loading=\"lazy\" decoding=\"async\" width=\"1024\" height=\"576\" data-id=\"1419\" src=\"https:\/\/www.tir-annonay.fr\/wp-content\/uploads\/2024\/08\/DSC_3496-1024x576.jpg\" alt=\"\" class=\"wp-image-1419\" srcset=\"https:\/\/www.tir-annonay.fr\/wp-content\/uploads\/2024\/08\/DSC_3496-1024x576.jpg 1024w, https:\/\/www.tir-annonay.fr\/wp-content\/uploads\/2024\/08\/DSC_3496-300x169.jpg 300w, https:\/\/www.tir-annonay.fr\/wp-content\/uploads\/2024\/08\/DSC_3496-768x432.jpg 768w, https:\/\/www.tir-annonay.fr\/wp-content\/uploads\/2024\/08\/DSC_3496-1536x864.jpg 1536w, https:\/\/www.tir-annonay.fr\/wp-content\/uploads\/2024\/08\/DSC_3496-2048x1152.jpg 2048w, https:\/\/www.tir-annonay.fr\/wp-content\/uploads\/2024\/08\/DSC_3496-1920x1080.jpg 1920w\" sizes=\"auto, (max-width: 1024px) 100vw, 1024px\" \/><\/figure>\n\n\n\n<figure class=\"wp-block-image size-large\"><img loading=\"lazy\" decoding=\"async\" width=\"1024\" height=\"576\" data-id=\"1420\" src=\"https:\/\/www.tir-annonay.fr\/wp-content\/uploads\/2024\/08\/DSC_3497-1024x576.jpg\" alt=\"\" class=\"wp-image-1420\" srcset=\"https:\/\/www.tir-annonay.fr\/wp-content\/uploads\/2024\/08\/DSC_3497-1024x576.jpg 1024w, https:\/\/www.tir-annonay.fr\/wp-content\/uploads\/2024\/08\/DSC_3497-300x169.jpg 300w, https:\/\/www.tir-annonay.fr\/wp-content\/uploads\/2024\/08\/DSC_3497-768x432.jpg 768w, https:\/\/www.tir-annonay.fr\/wp-content\/uploads\/2024\/08\/DSC_3497-1536x864.jpg 1536w, https:\/\/www.tir-annonay.fr\/wp-content\/uploads\/2024\/08\/DSC_3497-2048x1152.jpg 2048w, https:\/\/www.tir-annonay.fr\/wp-content\/uploads\/2024\/08\/DSC_3497-1920x1080.jpg 1920w\" sizes=\"auto, (max-width: 1024px) 100vw, 1024px\" \/><\/figure>\n\n\n\n<figure class=\"wp-block-image size-large\"><img loading=\"lazy\" decoding=\"async\" width=\"1024\" height=\"576\" data-id=\"1421\" src=\"https:\/\/www.tir-annonay.fr\/wp-content\/uploads\/2024\/08\/DSC_3493-1024x576.jpg\" alt=\"\" class=\"wp-image-1421\" srcset=\"https:\/\/www.tir-annonay.fr\/wp-content\/uploads\/2024\/08\/DSC_3493-1024x576.jpg 1024w, https:\/\/www.tir-annonay.fr\/wp-content\/uploads\/2024\/08\/DSC_3493-300x169.jpg 300w, https:\/\/www.tir-annonay.fr\/wp-content\/uploads\/2024\/08\/DSC_3493-768x432.jpg 768w, https:\/\/www.tir-annonay.fr\/wp-content\/uploads\/2024\/08\/DSC_3493-1536x864.jpg 1536w, https:\/\/www.tir-annonay.fr\/wp-content\/uploads\/2024\/08\/DSC_3493-2048x1152.jpg 2048w, https:\/\/www.tir-annonay.fr\/wp-content\/uploads\/2024\/08\/DSC_3493-1920x1080.jpg 1920w\" sizes=\"auto, (max-width: 1024px) 100vw, 1024px\" \/><\/figure>\n\n\n\n<figure class=\"wp-block-image size-large\"><img loading=\"lazy\" decoding=\"async\" width=\"1024\" height=\"576\" data-id=\"1416\" src=\"https:\/\/www.tir-annonay.fr\/wp-content\/uploads\/2024\/08\/DSC_3486-1024x576.jpg\" alt=\"\" class=\"wp-image-1416\" srcset=\"https:\/\/www.tir-annonay.fr\/wp-content\/uploads\/2024\/08\/DSC_3486-1024x576.jpg 1024w, https:\/\/www.tir-annonay.fr\/wp-content\/uploads\/2024\/08\/DSC_3486-300x169.jpg 300w, https:\/\/www.tir-annonay.fr\/wp-content\/uploads\/2024\/08\/DSC_3486-768x432.jpg 768w, https:\/\/www.tir-annonay.fr\/wp-content\/uploads\/2024\/08\/DSC_3486-1536x864.jpg 1536w, https:\/\/www.tir-annonay.fr\/wp-content\/uploads\/2024\/08\/DSC_3486-2048x1152.jpg 2048w, https:\/\/www.tir-annonay.fr\/wp-content\/uploads\/2024\/08\/DSC_3486-1920x1080.jpg 1920w\" sizes=\"auto, (max-width: 1024px) 100vw, 1024px\" \/><\/figure>\n\n\n\n<figure class=\"wp-block-image size-large\"><img loading=\"lazy\" decoding=\"async\" width=\"1024\" height=\"576\" data-id=\"225\" src=\"https:\/\/www.tir-annonay.fr\/wp-content\/uploads\/2019\/05\/DSC_0809-1024x576.jpg\" alt=\"\" class=\"wp-image-225\" srcset=\"https:\/\/www.tir-annonay.fr\/wp-content\/uploads\/2019\/05\/DSC_0809-1024x576.jpg 1024w, https:\/\/www.tir-annonay.fr\/wp-content\/uploads\/2019\/05\/DSC_0809-300x169.jpg 300w, https:\/\/www.tir-annonay.fr\/wp-content\/uploads\/2019\/05\/DSC_0809-768x432.jpg 768w, https:\/\/www.tir-annonay.fr\/wp-content\/uploads\/2019\/05\/DSC_0809.jpg 1796w\" sizes=\"auto, (max-width: 1024px) 100vw, 1024px\" \/><\/figure>\n\n\n\n<figure class=\"wp-block-image size-large\"><img loading=\"lazy\" decoding=\"async\" width=\"1024\" height=\"576\" data-id=\"224\" src=\"https:\/\/www.tir-annonay.fr\/wp-content\/uploads\/2019\/05\/DSC_0808-1024x576.jpg\" alt=\"\" class=\"wp-image-224\" srcset=\"https:\/\/www.tir-annonay.fr\/wp-content\/uploads\/2019\/05\/DSC_0808-1024x576.jpg 1024w, https:\/\/www.tir-annonay.fr\/wp-content\/uploads\/2019\/05\/DSC_0808-300x169.jpg 300w, https:\/\/www.tir-annonay.fr\/wp-content\/uploads\/2019\/05\/DSC_0808-768x432.jpg 768w, https:\/\/www.tir-annonay.fr\/wp-content\/uploads\/2019\/05\/DSC_0808.jpg 1796w\" sizes=\"auto, (max-width: 1024px) 100vw, 1024px\" \/><\/figure>\n\n\n\n<figure class=\"wp-block-image size-large\"><img loading=\"lazy\" decoding=\"async\" width=\"1024\" height=\"576\" data-id=\"223\" src=\"https:\/\/www.tir-annonay.fr\/wp-content\/uploads\/2019\/05\/DSC_0807-1024x576.jpg\" alt=\"\" class=\"wp-image-223\" srcset=\"https:\/\/www.tir-annonay.fr\/wp-content\/uploads\/2019\/05\/DSC_0807-1024x576.jpg 1024w, https:\/\/www.tir-annonay.fr\/wp-content\/uploads\/2019\/05\/DSC_0807-300x169.jpg 300w, https:\/\/www.tir-annonay.fr\/wp-content\/uploads\/2019\/05\/DSC_0807-768x432.jpg 768w, https:\/\/www.tir-annonay.fr\/wp-content\/uploads\/2019\/05\/DSC_0807.jpg 1796w\" sizes=\"auto, (max-width: 1024px) 100vw, 1024px\" \/><\/figure>\n\n\n\n<figure class=\"wp-block-image size-large\"><img loading=\"lazy\" decoding=\"async\" width=\"1024\" height=\"309\" data-id=\"226\" src=\"https:\/\/www.tir-annonay.fr\/wp-content\/uploads\/2019\/05\/EDT1-1024x309.jpg\" alt=\"\" class=\"wp-image-226\" srcset=\"https:\/\/www.tir-annonay.fr\/wp-content\/uploads\/2019\/05\/EDT1-1024x309.jpg 1024w, https:\/\/www.tir-annonay.fr\/wp-content\/uploads\/2019\/05\/EDT1-300x91.jpg 300w, https:\/\/www.tir-annonay.fr\/wp-content\/uploads\/2019\/05\/EDT1-768x232.jpg 768w, https:\/\/www.tir-annonay.fr\/wp-content\/uploads\/2019\/05\/EDT1.jpg 1577w\" sizes=\"auto, (max-width: 1024px) 100vw, 1024px\" \/><\/figure>\n<\/figure>\n\n\n\n<hr class=\"wp-block-separator has-css-opacity\"\/>\n\n\n\n<h2 class=\"wp-block-heading has-text-align-center\">Le pas de tir \u00e0 25 m\u00e8tres:<\/h2>\n\n\n\n<hr class=\"wp-block-separator has-css-opacity\"\/>\n\n\n\n<h4 class=\"wp-block-heading has-text-align-center has-medium-font-size\">10 postes tous \u00e9quip\u00e9s de rameneurs \u00e9lectriques pour plus de s\u00e9curit\u00e9 et de fluidit\u00e9, dont 5 postes \u00e9quip\u00e9s de ciblerie vitesse. <\/h4>\n\n\n\n<h3 class=\"wp-block-heading has-text-align-center has-medium-font-size has-vivid-green-cyan-color has-text-color has-link-color wp-elements-3ab146ca829ab8f53aeb295308d30a94\">Tir tous calibres, depuis janvier 2025 les balles chemis\u00e9es sont autoris\u00e9es sur tous les postes \u00e0 25m.<\/h3>\n\n\n\n<hr class=\"wp-block-separator has-css-opacity\"\/>\n\n\n\n<figure class=\"wp-block-gallery aligncenter has-nested-images columns-2 wp-block-gallery-2 is-layout-flex wp-block-gallery-is-layout-flex\">\n<figure class=\"wp-block-image size-large\"><img loading=\"lazy\" decoding=\"async\" width=\"1024\" height=\"576\" data-id=\"235\" src=\"https:\/\/www.tir-annonay.fr\/wp-content\/uploads\/2019\/05\/P1010694-1024x576.jpg\" alt=\"\" class=\"wp-image-235\" srcset=\"https:\/\/www.tir-annonay.fr\/wp-content\/uploads\/2019\/05\/P1010694-1024x576.jpg 1024w, https:\/\/www.tir-annonay.fr\/wp-content\/uploads\/2019\/05\/P1010694-300x169.jpg 300w, https:\/\/www.tir-annonay.fr\/wp-content\/uploads\/2019\/05\/P1010694-768x432.jpg 768w, https:\/\/www.tir-annonay.fr\/wp-content\/uploads\/2019\/05\/P1010694.jpg 1536w\" sizes=\"auto, (max-width: 1024px) 100vw, 1024px\" \/><\/figure>\n\n\n\n<figure class=\"wp-block-image size-large\"><img loading=\"lazy\" decoding=\"async\" width=\"1024\" height=\"576\" data-id=\"240\" src=\"https:\/\/www.tir-annonay.fr\/wp-content\/uploads\/2019\/05\/P1010705-1024x576.jpg\" alt=\"\" class=\"wp-image-240\" srcset=\"https:\/\/www.tir-annonay.fr\/wp-content\/uploads\/2019\/05\/P1010705-1024x576.jpg 1024w, https:\/\/www.tir-annonay.fr\/wp-content\/uploads\/2019\/05\/P1010705-300x169.jpg 300w, https:\/\/www.tir-annonay.fr\/wp-content\/uploads\/2019\/05\/P1010705-768x432.jpg 768w, https:\/\/www.tir-annonay.fr\/wp-content\/uploads\/2019\/05\/P1010705.jpg 1536w\" sizes=\"auto, (max-width: 1024px) 100vw, 1024px\" \/><\/figure>\n\n\n\n<figure class=\"wp-block-image size-large\"><img loading=\"lazy\" decoding=\"async\" width=\"1024\" height=\"576\" data-id=\"238\" src=\"https:\/\/www.tir-annonay.fr\/wp-content\/uploads\/2019\/05\/P1010700-1024x576.jpg\" alt=\"\" class=\"wp-image-238\" srcset=\"https:\/\/www.tir-annonay.fr\/wp-content\/uploads\/2019\/05\/P1010700-1024x576.jpg 1024w, https:\/\/www.tir-annonay.fr\/wp-content\/uploads\/2019\/05\/P1010700-300x169.jpg 300w, https:\/\/www.tir-annonay.fr\/wp-content\/uploads\/2019\/05\/P1010700-768x432.jpg 768w, https:\/\/www.tir-annonay.fr\/wp-content\/uploads\/2019\/05\/P1010700.jpg 1536w\" sizes=\"auto, (max-width: 1024px) 100vw, 1024px\" \/><\/figure>\n\n\n\n<figure class=\"wp-block-image size-large\"><img loading=\"lazy\" decoding=\"async\" width=\"1024\" height=\"576\" data-id=\"236\" src=\"https:\/\/www.tir-annonay.fr\/wp-content\/uploads\/2019\/05\/P1010696-1024x576.jpg\" alt=\"\" class=\"wp-image-236\" srcset=\"https:\/\/www.tir-annonay.fr\/wp-content\/uploads\/2019\/05\/P1010696-1024x576.jpg 1024w, https:\/\/www.tir-annonay.fr\/wp-content\/uploads\/2019\/05\/P1010696-300x169.jpg 300w, https:\/\/www.tir-annonay.fr\/wp-content\/uploads\/2019\/05\/P1010696-768x432.jpg 768w, https:\/\/www.tir-annonay.fr\/wp-content\/uploads\/2019\/05\/P1010696.jpg 1536w\" sizes=\"auto, (max-width: 1024px) 100vw, 1024px\" \/><\/figure>\n\n\n\n<figure class=\"wp-block-image size-large\"><img loading=\"lazy\" decoding=\"async\" width=\"1024\" height=\"576\" data-id=\"237\" src=\"https:\/\/www.tir-annonay.fr\/wp-content\/uploads\/2019\/05\/P1010698-1024x576.jpg\" alt=\"\" class=\"wp-image-237\" srcset=\"https:\/\/www.tir-annonay.fr\/wp-content\/uploads\/2019\/05\/P1010698-1024x576.jpg 1024w, https:\/\/www.tir-annonay.fr\/wp-content\/uploads\/2019\/05\/P1010698-300x169.jpg 300w, https:\/\/www.tir-annonay.fr\/wp-content\/uploads\/2019\/05\/P1010698-768x432.jpg 768w, https:\/\/www.tir-annonay.fr\/wp-content\/uploads\/2019\/05\/P1010698.jpg 1536w\" sizes=\"auto, (max-width: 1024px) 100vw, 1024px\" \/><\/figure>\n<\/figure>\n\n\n\n<hr class=\"wp-block-separator has-css-opacity\"\/>\n\n\n\n<h2 class=\"wp-block-heading has-text-align-center\">Le pas de tir \u00e0 50 m\u00e8tres:<\/h2>\n\n\n\n<hr class=\"wp-block-separator has-css-opacity\"\/>\n\n\n\n<h3 class=\"wp-block-heading has-text-align-center\">6 postes au total:<\/h3>\n\n\n\n<hr class=\"wp-block-separator has-css-opacity\"\/>\n\n\n\n<ul class=\"wp-block-list\">\n<li>tous \u00e9quip\u00e9s de rameneurs \u00e9lectriques, pour plus de s\u00e9curit\u00e9 et de fluidit\u00e9<\/li>\n\n\n\n<li>postes 1 \u00e0 4 pour le tir \u00e0 OGIVES <span style=\"color: #ff0000;\">PLOMB<\/span> exclusivement.<\/li>\n\n\n\n<li>poste 6 pour le tir \u00e0 balles blind\u00e9es (armes longues uniquement).<\/li>\n\n\n\n<li>table de tir <em>Girocible<\/em> pour le tir 3 positions (genou et couch\u00e9)<\/li>\n<\/ul>\n\n\n\n<hr class=\"wp-block-separator has-css-opacity\"\/>\n\n\n\n<figure class=\"wp-block-gallery has-nested-images columns-default is-cropped wp-block-gallery-3 is-layout-flex wp-block-gallery-is-layout-flex\">\n<figure class=\"wp-block-image size-large\"><img loading=\"lazy\" decoding=\"async\" width=\"1024\" height=\"576\" data-id=\"1417\" src=\"https:\/\/www.tir-annonay.fr\/wp-content\/uploads\/2024\/08\/DSC_3492-1024x576.jpg\" alt=\"\" class=\"wp-image-1417\" srcset=\"https:\/\/www.tir-annonay.fr\/wp-content\/uploads\/2024\/08\/DSC_3492-1024x576.jpg 1024w, https:\/\/www.tir-annonay.fr\/wp-content\/uploads\/2024\/08\/DSC_3492-300x169.jpg 300w, https:\/\/www.tir-annonay.fr\/wp-content\/uploads\/2024\/08\/DSC_3492-768x432.jpg 768w, https:\/\/www.tir-annonay.fr\/wp-content\/uploads\/2024\/08\/DSC_3492-1536x864.jpg 1536w, https:\/\/www.tir-annonay.fr\/wp-content\/uploads\/2024\/08\/DSC_3492-2048x1152.jpg 2048w, https:\/\/www.tir-annonay.fr\/wp-content\/uploads\/2024\/08\/DSC_3492-1920x1080.jpg 1920w\" sizes=\"auto, (max-width: 1024px) 100vw, 1024px\" \/><\/figure>\n<\/figure>\n","protected":false},"excerpt":{"rendered":"<p>Le pas de tir Air Comprim\u00e9 \u00e0 10 m\u00e8tres: Le 10m a fait peau neuve cet \u00e9t\u00e9 2024 avec un total de 16 + 4 + 1 postes: Le pas de tir \u00e0 25 m\u00e8tres: 10 postes tous \u00e9quip\u00e9s de rameneurs \u00e9lectriques pour plus de s\u00e9curit\u00e9 et de fluidit\u00e9, dont 5 postes \u00e9quip\u00e9s de ciblerie&hellip; <br \/> <a class=\"read-more\" href=\"https:\/\/www.tir-annonay.fr\/?page_id=94\">Lire la suite<\/a><\/p>\n","protected":false},"author":2,"featured_media":13,"parent":0,"menu_order":0,"comment_status":"closed","ping_status":"closed","template":"","meta":{"_mc_calendar":[],"footnotes":""},"class_list":["post-94","page","type-page","status-publish","has-post-thumbnail","hentry"],"aioseo_notices":[],"_links":{"self":[{"href":"https:\/\/www.tir-annonay.fr\/index.php?rest_route=\/wp\/v2\/pages\/94","targetHints":{"allow":["GET"]}}],"collection":[{"href":"https:\/\/www.tir-annonay.fr\/index.php?rest_route=\/wp\/v2\/pages"}],"about":[{"href":"https:\/\/www.tir-annonay.fr\/index.php?rest_route=\/wp\/v2\/types\/page"}],"author":[{"embeddable":true,"href":"https:\/\/www.tir-annonay.fr\/index.php?rest_route=\/wp\/v2\/users\/2"}],"replies":[{"embeddable":true,"href":"https:\/\/www.tir-annonay.fr\/index.php?rest_route=%2Fwp%2Fv2%2Fcomments&post=94"}],"version-history":[{"count":33,"href":"https:\/\/www.tir-annonay.fr\/index.php?rest_route=\/wp\/v2\/pages\/94\/revisions"}],"predecessor-version":[{"id":1788,"href":"https:\/\/www.tir-annonay.fr\/index.php?rest_route=\/wp\/v2\/pages\/94\/revisions\/1788"}],"wp:featuredmedia":[{"embeddable":true,"href":"https:\/\/www.tir-annonay.fr\/index.php?rest_route=\/wp\/v2\/media\/13"}],"wp:attachment":[{"href":"https:\/\/www.tir-annonay.fr\/index.php?rest_route=%2Fwp%2Fv2%2Fmedia&parent=94"}],"curies":[{"name":"wp","href":"https:\/\/api.w.org\/{rel}","templated":true}]}}