{"id":91,"date":"2019-05-14T14:01:36","date_gmt":"2019-05-14T14:01:36","guid":{"rendered":"http:\/\/www.tir-annonay.fr\/?page_id=91"},"modified":"2025-11-03T18:57:03","modified_gmt":"2025-11-03T18:57:03","slug":"documents-liens","status":"publish","type":"page","link":"https:\/\/www.tir-annonay.fr\/?page_id=91","title":{"rendered":"Liens utiles"},"content":{"rendered":"\n<hr class=\"wp-block-separator has-css-opacity is-style-wide\"\/>\n\n\n\n<ul class=\"wp-block-list\">\n<li><strong>F\u00e9d\u00e9ration Fran\u00e7aise de Tir: <\/strong><a href=\"https:\/\/www.fftir.org\/fr\/accueil\">https:\/\/www.fftir.org\/fr\/accueil<\/a><\/li>\n\n\n\n<li><strong>Portail EDEN<\/strong>: <a href=\"https:\/\/eden.fftir.org\/#\/login\" target=\"_blank\" rel=\"noopener\" title=\"\">https:\/\/eden.fftir.org\/#\/login<\/a><\/li>\n\n\n\n<li><strong>Ligue de Tir Dauphin\u00e9-Savoie:<\/strong> <a href=\"https:\/\/www.liguetirdauphinesavoie.com\/\">https:\/\/www.liguetirdauphinesavoie.com\/<\/a><\/li>\n\n\n\n<li><strong>Comit\u00e9 D\u00e9partemental de l&rsquo;Ard\u00e8che:<\/strong> <a href=\"https:\/\/comitetir07.fr\/\" target=\"_blank\" rel=\"noopener\" title=\"\">https:\/\/comitetir07.fr\/<\/a> <\/li>\n<\/ul>\n\n\n\n<hr class=\"wp-block-separator has-css-opacity is-style-wide\"\/>\n\n\n\n<p><a href=\"https:\/\/www.tir-annonay.fr\/wp-content\/uploads\/2024\/09\/Autorisation_Parentale_FFTIR.pdf\" target=\"_blank\" rel=\"noopener\" title=\"\">Autorisation Parentale FFTIR (pour les mineurs)<\/a><\/p>\n\n\n\n<hr class=\"wp-block-separator has-css-opacity is-style-wide\"\/>\n\n\n\n<p>Fascicules \u00e9dit\u00e9 par la FFTir:<\/p>\n\n\n\n<p><strong>\u00ab\u00a0D\u00e9couvrir le tir sportif\u00a0\u00bb<\/strong>:<\/p>\n\n\n\n<figure class=\"wp-block-image size-full is-resized\"><a href=\"https:\/\/www.fftir.org\/wp-content\/uploads\/2025\/11\/Fascicule_decouvrir_le_tir_sportif_10_2025-b-web-2.pdf\"><img loading=\"lazy\" decoding=\"async\" width=\"361\" height=\"498\" src=\"https:\/\/www.tir-annonay.fr\/wp-content\/uploads\/2025\/11\/image-4.png\" alt=\"\" class=\"wp-image-1720\" style=\"width:183px;height:auto\" srcset=\"https:\/\/www.tir-annonay.fr\/wp-content\/uploads\/2025\/11\/image-4.png 361w, https:\/\/www.tir-annonay.fr\/wp-content\/uploads\/2025\/11\/image-4-217x300.png 217w\" sizes=\"auto, (max-width: 361px) 100vw, 361px\" \/><\/a><\/figure>\n\n\n\n<p><strong>\u00ab\u00a0Manuel du tir sportif\u00a0\u00bb:<\/strong><\/p>\n\n\n\n<figure class=\"wp-block-image size-full is-resized\"><a href=\"https:\/\/www.fftir.org\/wp-content\/uploads\/2025\/11\/Manuel-de-tir-sportif-148x210-05_2025-e-web.pdf\"><img loading=\"lazy\" decoding=\"async\" width=\"361\" height=\"498\" src=\"https:\/\/www.tir-annonay.fr\/wp-content\/uploads\/2025\/11\/image-5.png\" alt=\"\" class=\"wp-image-1721\" style=\"width:181px;height:auto\" srcset=\"https:\/\/www.tir-annonay.fr\/wp-content\/uploads\/2025\/11\/image-5.png 361w, https:\/\/www.tir-annonay.fr\/wp-content\/uploads\/2025\/11\/image-5-217x300.png 217w\" sizes=\"auto, (max-width: 361px) 100vw, 361px\" \/><\/a><\/figure>\n\n\n\n<p>R\u00e8gles de s\u00e9curit\u00e9:<\/p>\n\n\n\n<figure class=\"wp-block-image size-full is-resized\"><a href=\"https:\/\/www.fftir.org\/les-regles-de-securite\/\" target=\"_blank\" rel=\"noreferrer noopener\"><img loading=\"lazy\" decoding=\"async\" width=\"986\" height=\"686\" src=\"https:\/\/www.tir-annonay.fr\/wp-content\/uploads\/2023\/10\/image-3.png\" alt=\"\" class=\"wp-image-1221\" style=\"width:386px;height:269px\" srcset=\"https:\/\/www.tir-annonay.fr\/wp-content\/uploads\/2023\/10\/image-3.png 986w, https:\/\/www.tir-annonay.fr\/wp-content\/uploads\/2023\/10\/image-3-300x209.png 300w, https:\/\/www.tir-annonay.fr\/wp-content\/uploads\/2023\/10\/image-3-768x534.png 768w\" sizes=\"auto, (max-width: 986px) 100vw, 986px\" \/><\/a><\/figure>\n\n\n\n<p>Et encore plus d&rsquo;informations n\u00e9cessaires ici:<\/p>\n\n\n\n<p><a href=\"https:\/\/www.fftir.org\/menu\/decouvrir-le-tir\/pratique-du-tir\/\" target=\"_blank\" rel=\"noopener\" title=\"\">https:\/\/www.fftir.org\/menu\/decouvrir-le-tir\/pratique-du-tir\/<\/a><\/p>\n","protected":false},"excerpt":{"rendered":"<p>Autorisation Parentale FFTIR (pour les mineurs) Fascicules \u00e9dit\u00e9 par la FFTir: \u00ab\u00a0D\u00e9couvrir le tir sportif\u00a0\u00bb: \u00ab\u00a0Manuel du tir sportif\u00a0\u00bb: R\u00e8gles de s\u00e9curit\u00e9: Et encore plus d&rsquo;informations n\u00e9cessaires ici: https:\/\/www.fftir.org\/menu\/decouvrir-le-tir\/pratique-du-tir\/<\/p>\n","protected":false},"author":2,"featured_media":0,"parent":0,"menu_order":0,"comment_status":"closed","ping_status":"closed","template":"","meta":{"_mc_calendar":[],"footnotes":""},"class_list":["post-91","page","type-page","status-publish","hentry"],"aioseo_notices":[],"_links":{"self":[{"href":"https:\/\/www.tir-annonay.fr\/index.php?rest_route=\/wp\/v2\/pages\/91","targetHints":{"allow":["GET"]}}],"collection":[{"href":"https:\/\/www.tir-annonay.fr\/index.php?rest_route=\/wp\/v2\/pages"}],"about":[{"href":"https:\/\/www.tir-annonay.fr\/index.php?rest_route=\/wp\/v2\/types\/page"}],"author":[{"embeddable":true,"href":"https:\/\/www.tir-annonay.fr\/index.php?rest_route=\/wp\/v2\/users\/2"}],"replies":[{"embeddable":true,"href":"https:\/\/www.tir-annonay.fr\/index.php?rest_route=%2Fwp%2Fv2%2Fcomments&post=91"}],"version-history":[{"count":40,"href":"https:\/\/www.tir-annonay.fr\/index.php?rest_route=\/wp\/v2\/pages\/91\/revisions"}],"predecessor-version":[{"id":1723,"href":"https:\/\/www.tir-annonay.fr\/index.php?rest_route=\/wp\/v2\/pages\/91\/revisions\/1723"}],"wp:attachment":[{"href":"https:\/\/www.tir-annonay.fr\/index.php?rest_route=%2Fwp%2Fv2%2Fmedia&parent=91"}],"curies":[{"name":"wp","href":"https:\/\/api.w.org\/{rel}","templated":true}]}}