{"id":409,"date":"2019-05-20T07:44:22","date_gmt":"2019-05-20T07:44:22","guid":{"rendered":"http:\/\/www.tir-annonay.fr\/?page_id=409"},"modified":"2021-04-05T13:33:59","modified_gmt":"2021-04-05T13:33:59","slug":"presentation-2","status":"publish","type":"page","link":"https:\/\/www.tir-annonay.fr\/?page_id=409","title":{"rendered":"Pr\u00e9sentation"},"content":{"rendered":"\n<p class=\"has-text-align-left has-cyan-bluish-gray-color has-text-color has-medium-font-size\"><a href=\"https:\/\/www.tir-annonay.fr\/?page_id=262\">Le Comit\u00e9 Directeur<\/a><br><br><a href=\"https:\/\/www.tir-annonay.fr\/?page_id=94\">Installations<\/a><\/p>\n\n\n\n<p class=\"has-text-align-left has-cyan-bluish-gray-color has-text-color has-medium-font-size\"><a href=\"https:\/\/www.tir-annonay.fr\/?page_id=692\">D\u00e9marche d&rsquo;inscription<\/a><br><br><a href=\"https:\/\/www.tir-annonay.fr\/?page_id=333\">R\u00e8glement int\u00e9rieur<\/a><\/p>\n","protected":false},"excerpt":{"rendered":"<p>Le Comit\u00e9 Directeur Installations D\u00e9marche d&rsquo;inscription R\u00e8glement int\u00e9rieur<\/p>\n","protected":false},"author":1,"featured_media":0,"parent":0,"menu_order":0,"comment_status":"closed","ping_status":"closed","template":"","meta":{"_mc_calendar":[],"footnotes":""},"class_list":["post-409","page","type-page","status-publish","hentry"],"aioseo_notices":[],"_links":{"self":[{"href":"https:\/\/www.tir-annonay.fr\/index.php?rest_route=\/wp\/v2\/pages\/409","targetHints":{"allow":["GET"]}}],"collection":[{"href":"https:\/\/www.tir-annonay.fr\/index.php?rest_route=\/wp\/v2\/pages"}],"about":[{"href":"https:\/\/www.tir-annonay.fr\/index.php?rest_route=\/wp\/v2\/types\/page"}],"author":[{"embeddable":true,"href":"https:\/\/www.tir-annonay.fr\/index.php?rest_route=\/wp\/v2\/users\/1"}],"replies":[{"embeddable":true,"href":"https:\/\/www.tir-annonay.fr\/index.php?rest_route=%2Fwp%2Fv2%2Fcomments&post=409"}],"version-history":[{"count":3,"href":"https:\/\/www.tir-annonay.fr\/index.php?rest_route=\/wp\/v2\/pages\/409\/revisions"}],"predecessor-version":[{"id":694,"href":"https:\/\/www.tir-annonay.fr\/index.php?rest_route=\/wp\/v2\/pages\/409\/revisions\/694"}],"wp:attachment":[{"href":"https:\/\/www.tir-annonay.fr\/index.php?rest_route=%2Fwp%2Fv2%2Fmedia&parent=409"}],"curies":[{"name":"wp","href":"https:\/\/api.w.org\/{rel}","templated":true}]}}