{"id":333,"date":"2019-05-17T09:39:16","date_gmt":"2019-05-17T09:39:16","guid":{"rendered":"http:\/\/www.tir-annonay.fr\/?page_id=333"},"modified":"2026-03-31T18:57:21","modified_gmt":"2026-03-31T18:57:21","slug":"reglement-interieur","status":"publish","type":"page","link":"https:\/\/www.tir-annonay.fr\/?page_id=333","title":{"rendered":"R\u00c8GLEMENT INT\u00c9RIEUR\u00a0DU CLUB DE TIR D&rsquo;ANNONAY"},"content":{"rendered":"\n<p><strong>ARTICLE 1<\/strong><\/p>\n\n\n\n<p>Le pr\u00e9sent article fait suite et compl\u00e9ment \u00e0 l\u2019article 6 des Statuts du <em>Club de Tir d\u2019ANNONAY<\/em>.<\/p>\n\n\n\n<p>Le Comit\u00e9 Directeur d\u00e9signe un Bureau compos\u00e9 en outre du (de la) Pr\u00e9sident (e) de l\u2019association, de&nbsp;:<\/p>\n\n\n\n<ul class=\"wp-block-list\">\n<li>Un(e) ou plusieurs Vice-pr\u00e9sident (e)(s)<\/li>\n\n\n\n<li>Un(e) Secr\u00e9taire G\u00e9n\u00e9ral(e)<\/li>\n\n\n\n<li>Un(e) Secr\u00e9taire adjoint(e)<\/li>\n\n\n\n<li>Un(e) Tr\u00e9sorier(\u00e8re) G\u00e9n\u00e9ral(e)<\/li>\n\n\n\n<li>Un(e) Tr\u00e9sorier(\u00e8re) adjoint(e)<\/li>\n<\/ul>\n\n\n\n<p><strong>ARTICLE 2<\/strong><\/p>\n\n\n\n<p>Ainsi qu\u2019il est d\u00e9j\u00e0 pr\u00e9cis\u00e9 \u00e0 l\u2019article 16 des Statuts, tout adh\u00e9rent et m\u00eame simple visiteur, est cens\u00e9 conna\u00eetre le pr\u00e9sent r\u00e8glement et y adh\u00e9rer pleinement.<\/p>\n\n\n\n<p>Il est affich\u00e9 dans les locaux du C.T.ANNONAY.<\/p>\n\n\n\n<p><strong>ARTICLE 3<\/strong><\/p>\n\n\n\n<p><strong>ADH\u00c9SION<\/strong> (compl\u00e9ment de l\u2019article 3 des Statuts).<\/p>\n\n\n\n<p>Le C.T.ANNONAY est affili\u00e9 \u00e0 la F\u00e9d\u00e9ration Fran\u00e7aise de Tir.<\/p>\n\n\n\n<p>La Licence f\u00e9d\u00e9rale est obligatoire ainsi qu\u2019une visite m\u00e9dicale d\u2019aptitude au tir sportif.<br>Un badge \u00e9lectronique sera remis \u00e0 chaque adh\u00e9rent d\u00e8s paiement de sa cotisation.<br>Si une personne d\u00e9j\u00e0 licenci\u00e9e \u00e0 la FFTir dans un autre club d\u00e9sire adh\u00e9rer au Club de Tir d\u2019Annonay, hors cas d\u2019une mutation, il devra s\u2019acquitter de la cotisation club, et ne pourra pr\u00e9tendre \u00e0 aucune \u00e9lection au sein du club.<\/p>\n\n\n\n<p><strong>RENOUVELLEMENT DE LA LICENCE<\/strong><\/p>\n\n\n\n<p>Le renouvellement de la licence d\u2019un adh\u00e9rent s\u2019effectue sur le mois de septembre.<\/p>\n\n\n\n<p>Ce renouvellement ne pourra \u00eatre effectu\u00e9 que si le certificat m\u00e9dical est valide, et par le paiement du montant de la licence et de la cotisation club.<\/p>\n\n\n\n<p>La gestion de la validit\u00e9 du certificat m\u00e9dical incombe \u00e0 l&rsquo;adh\u00e9rent, via son espace sur le site EDEN.<\/p>\n\n\n\n<p>Pass\u00e9 le 1er octobre, l\u2019adh\u00e9rent sera consid\u00e9r\u00e9 comme d\u00e9missionnaire.<\/p>\n\n\n\n<p><strong>ARTICLE 4<\/strong><\/p>\n\n\n\n<p><strong>A- DISCIPLINE INT\u00c9RIEURE<\/strong><\/p>\n\n\n\n<p>1. R\u00e8gles g\u00e9n\u00e9rales :<\/p>\n\n\n\n<p>&#8211; R\u00e8glement des cotisations.<\/p>\n\n\n\n<p>&#8211; \u00c9margement par badgeage.<\/p>\n\n\n\n<p>&#8211; Certificats m\u00e9dicaux: gestion par l\u2019adh\u00e9rent.<\/p>\n\n\n\n<p>&#8211; Pi\u00e8ces d\u2019\u00e9tat civil.<\/p>\n\n\n\n<p>&#8211; Demande d\u2019avis pr\u00e9alable \u00e0 une autorisation de d\u00e9tention d\u2019arme de cat\u00e9gorie B&nbsp;: celle-ci ne pourra \u00eatre faite qu\u2019apr\u00e8s un d\u00e9lai d\u2019un an de licence et sur d\u00e9cision du Comit\u00e9 Directeur.<\/p>\n\n\n\n<p>&#8211; Pour la s\u00e9curit\u00e9, le stand est \u00e9quip\u00e9 de cam\u00e9ras de surveillance vid\u00e9o, ainsi que d\u2019une alarme.<\/p>\n\n\n\n<p>&#8211; Autres obligations doivent \u00eatre ex\u00e9cut\u00e9es ou fournies d\u00e8s que la demande en a \u00e9t\u00e9 fa\u00eete \u00e0 l\u2019int\u00e9ress\u00e9.<\/p>\n\n\n\n<p>2. Pr\u00e9sence :&nbsp;<\/p>\n\n\n\n<p>&#8211; Les tireurs et adh\u00e9rents sont astreints de venir au moins 5 fois l\u2019an, aux heures de permanences, et ce, en particulier pour les d\u00e9tenteurs d\u2019armes class\u00e9es.<\/p>\n\n\n\n<p>&#8211; A chaque visite, le tireur ou l\u2019adh\u00e9rent passe son badge \u00e9lectronique devant le capteur du stand concern\u00e9. Ces donn\u00e9es sont archiv\u00e9es et font office de registre de pr\u00e9sence d\u00e9mat\u00e9rialis\u00e9. Le badge doit \u00eatre obligatoirement port\u00e9 d\u00e8s l\u2019entr\u00e9e dans les locaux, \u00e0 chaque s\u00e9ance. En partant, l\u2019adh\u00e9rent d\u00e9pose ce m\u00eame badge sur le tableau pr\u00e9vu \u00e0 cet effet, sans n\u00e9cessit\u00e9 de re-badger.<\/p>\n\n\n\n<p>&#8211; La plage horaire maximale pratiqu\u00e9e au C.T.ANNONAY quelle que soit la saison et le jour est :&nbsp;<\/p>\n\n\n\n<p>8h00 \u00e0 22h00<\/p>\n\n\n\n<p>Elle peut \u00eatre modifi\u00e9e par le Comit\u00e9 Directeur du C.T.ANNONAY.<\/p>\n\n\n\n<p>Les heures de permanence sont affich\u00e9es \u00e0 l\u2019entr\u00e9e du club.<\/p>\n\n\n\n<p><strong>B- R\u00c8GLES DE TIR<\/strong><\/p>\n\n\n\n<p><strong>Tout manquement \u00e0 une de ces r\u00e8gles pourra entra\u00eener la r\u00e9union de la commission de discipline dont le r\u00e8glement figure en annexe 1. Si le cas s\u2019av\u00e8re n\u00e9cessaire, le pr\u00e9sident peut suspendre imm\u00e9diatement le tireur, en attendant la d\u00e9cision de la commission.<\/strong><\/p>\n\n\n\n<p><strong>1. S\u00e9curit\u00e9<\/strong><\/p>\n\n\n\n<p>&#8211; Il est&nbsp; obligatoire aux tireurs 25 et 50 m\u00e8tres, de pratiquer au moins \u00e0 deux dans le club, afin qu\u2019en cas d\u2019accident, l\u2019un puisse agir au profit de l\u2019autre.<\/p>\n\n\n\n<p>&#8211; Pour des raisons \u00e9videntes de s\u00e9curit\u00e9, il est formellement interdit de tirer \u00e0 une distance plus courte que celle requise, que ce soit en pla\u00e7ant une cible en avant des portes-cibles, ou en s\u2019approchant de la cible.<\/p>\n\n\n\n<p>&#8211; Au 25\/50m, il est \u00e9galement obligatoire d\u2019utiliser les portes-cibles pr\u00e9vus \u00e0 cet effet, et de tirer exclusivement sur des cibles en papier\/carton.<\/p>\n\n\n\n<p>&#8211; Le transport de l\u2019arme au sein du club doit se faire en mallette\/housse.<\/p>\n\n\n\n<p>&#8211; Les r\u00e8gles g\u00e9n\u00e9rales et de s\u00e9curit\u00e9 en vigueur \u00e0 la F.F.TIR, les usages et les coutumes contribuant \u00e0 la s\u00e9curit\u00e9 des stands et pas de tir, sont consid\u00e9r\u00e9s comme des devoirs pour les tireurs et les spectateurs.<\/p>\n\n\n\n<p>&#8211; D\u2019une mani\u00e8re g\u00e9n\u00e9rale, les tireurs et spectateurs se soumettent aux injonctions du directeur de tir et du permanent en fonction.<\/p>\n\n\n\n<p>&#8211; L\u2019approvisionnement d\u2019une arme avec plus de 5 coups est interdit.<\/p>\n\n\n\n<p><strong>2. Munitions&nbsp;:<\/strong><\/p>\n\n\n\n<p>L\u2019usage des projectiles \u00e0 composition tra\u00e7ante est interdit (risque d\u2019incendie) dans tout le stand.<\/p>\n\n\n\n<p><strong>L\u2019usage de fusils de chasse ou \u00e0 pompe est interdit dans tout le stand, m\u00eame avec des munitions \u00e0 projectile unique.<\/strong><\/p>\n\n\n\n<p>Les munitions autoris\u00e9es aux pas de tir sont :<\/p>\n\n\n\n<p>&#8211; au 10m\u00a0:<\/p>\n\n\n\n<ul class=\"wp-block-list\">\n<li>seuls les projectiles diabolo en 4,5 mm (ou .177) pour l\u2019air comprim\u00e9 sont autoris\u00e9s.<\/li>\n\n\n\n<li>les billes plastiques ou acier sont interdites.<\/li>\n\n\n\n<li><strong>Sur les cibles \u00e9lectroniques, la puissance de l\u2019arme ne doit pas exc\u00e9der 7,5 joules.<\/strong><\/li>\n<\/ul>\n\n\n\n<p>&#8211; au 25m:<\/p>\n\n\n\n<ul class=\"wp-block-list\">\n<li>les balles \u00e0 projectile unique sont autoris\u00e9s sur tous les postes<\/li>\n\n\n\n<li>Les \u00ab\u00a0gas-checks\u00a0\u00bb sont admis.<\/li>\n\n\n\n<li>le tir \u00e0 armes longues n\u2019est pas autoris\u00e9.<\/li>\n\n\n\n<li>l\u2019arme doit au pr\u00e9alable avoir \u00e9t\u00e9 pr\u00e9r\u00e9gl\u00e9e par une m\u00e9thode ad\u00e9quate pour \u00eatre s\u00fbr de toucher la cible C50,\u00a0<\/li>\n<\/ul>\n\n\n\n<p>&#8211; au 50m (postes 1 \u00e0 5):<\/p>\n\n\n\n<ul class=\"wp-block-list\">\n<li>les balles <strong>plomb<\/strong> \u00e0 projectile unique sont autoris\u00e9es<\/li>\n\n\n\n<li>Les \u00ab\u00a0gas-checks\u00a0\u00bb sont admis.<\/li>\n\n\n\n<li>Les ogives rev\u00eatues de cuivre par \u00e9lectrolyse sont admises, \u00e0 condition que le cuivre s\u2019enl\u00e8ve par l\u00e9ger grattage.<\/li>\n\n\n\n<li>les munitions chemis\u00e9es ou semi-chemis\u00e9es sont interdites<\/li>\n<\/ul>\n\n\n\n<p>-au 50m poste n\u00b06: voir \u00a73 ci-apr\u00e8s<\/p>\n\n\n\n<p><strong>3. Tir \u00e0 50m sur le poste n\u00b06 \u00e9quip\u00e9 de pi\u00e8ges \u00e0 balles&nbsp;:<\/strong><\/p>\n\n\n\n<p>Il est possible d\u2019utiliser le poste n\u00b06 de tirs avec pi\u00e8ge \u00e0 balles (et seulement celui-ci) <strong>avec des balles chemis\u00e9es<\/strong>&nbsp;<strong>ou semi-chemis\u00e9es<\/strong>.<\/p>\n\n\n\n<p><strong>Le tir \u00e0 armes de poing sur ce poste est interdit.<\/strong><\/p>\n\n\n\n<p>Le tir est autoris\u00e9 uniquement \u00e0 armes longues sur ce poste \u00e0 toutes les permanences, selon les conditions suivantes.<\/p>\n\n\n\n<p>Types de balles autoris\u00e9es&nbsp;: blind\u00e9es, semi-blind\u00e9es, plomb.<\/p>\n\n\n\n<p>Balles interdites&nbsp;: tra\u00e7antes, perforantes\u2026<\/p>\n\n\n\n<p>Le tir \u00e0 balles plomb est autoris\u00e9 si l\u2019affluence le n\u00e9cessite, sous simple autorisation du permanent.<\/p>\n\n\n\n<p><strong>L\u2019usage de fusils de chasse ou \u00e0 pompe est interdit, m\u00eame avec des munitions \u00e0 projectile unique.<\/strong><\/p>\n\n\n\n<p>Tout membre du club majeur est autoris\u00e9 \u00e0 tirer en respectant l\u2019article 11 du R\u00e8glement Int\u00e9rieur (r\u00e8gles d\u2019acc\u00e8s aux pas de tir).<\/p>\n\n\n\n<p>L\u2019arme doit au pr\u00e9alable avoir \u00e9t\u00e9 pr\u00e9r\u00e9gl\u00e9e par une m\u00e9thode ad\u00e9quate pour \u00eatre s\u00fbr de toucher la cible C50.<\/p>\n\n\n\n<p>Le tir sur appui est recommand\u00e9 selon le niveau du tireur et le r\u00e9glage de l\u2019arme, afin d\u2019\u00e9viter les tirs hors-cible C50.<\/p>\n\n\n\n<p>Le Pr\u00e9sident peut exceptionnellement accorder une d\u00e9rogation \u00e0 une personne ext\u00e9rieure, d\u00e9sirant affiner le r\u00e9glage d\u2019une arme par exemple, dans le respect des r\u00e8gles en vigueur de la FFTir.<\/p>\n\n\n\n<p>Lorsqu\u2019il d\u00e9sire utiliser ce poste, le tireur doit demander l\u2019acc\u00e8s au permanent, qui v\u00e9rifie que le tireur est majeur et que le calibre de l\u2019arme fasse partie de la liste des calibres valid\u00e9s.<\/p>\n\n\n\n<p>Voir liste des calibres autoris\u00e9s en <em>annexe 2.<\/em><\/p>\n\n\n\n<p>Cette liste est \u00e9volutive et est modifiable apr\u00e8s simple approbation du Comit\u00e9 Directeur.<\/p>\n\n\n\n<p>Certains calibres sont couverts par d\u2019autres plus puissants d\u00e9j\u00e0 test\u00e9s et ne n\u00e9cessitent donc pas de test suppl\u00e9mentaire.<\/p>\n\n\n\n<p>Pour autoriser un nouveau calibre plus puissant que ceux d\u00e9j\u00e0 test\u00e9s, 2 tests sont n\u00e9cessaires, sous la surveillance d\u2019un responsable:<\/p>\n\n\n\n<ol class=\"wp-block-list\">\n<li>Tirer une balle sur un gabarit d\u2019une seule \u00e9paisseur du m\u00eame bois que l\u2019habillage des postes, pos\u00e9 dans le pi\u00e8ge \u00e0 balles\u00a0: le projectile ne doit pas traverser.<\/li>\n<\/ol>\n\n\n\n<p>Cela garantit qu\u2019en cas de tir hors-cible, donc hors pi\u00e8ge \u00e0 balles, l\u2019ogive ne sort pas de l\u2019habillage du poste, et reste en s\u00e9curit\u00e9 dans le bois.<\/p>\n\n\n\n<ol start=\"2\" class=\"wp-block-list\">\n<li>Tirer une balle dans le pi\u00e8ge \u00e0 balles\u00a0: aucune d\u00e9formation du r\u00e9ceptacle ne doit \u00eatre constat\u00e9e.<\/li>\n<\/ol>\n\n\n\n<p><strong>ARTICLE 5<\/strong><\/p>\n\n\n\n<p>La licence F.F.TIR int\u00e8gre une assurance couvrant en partie les risques li\u00e9s \u00e0 la pratique du Tir, qu\u2019ils soient corporels ou mat\u00e9riels. Il appartient \u00e0 chacun de souscrire un compl\u00e9ment d\u2019assurance \u00e0 titre individuel aupr\u00e8s de la compagnie de son choix ou de la F.F.TIR s\u2019il juge la couverture insuffisante.<\/p>\n\n\n\n<p><strong>ARTICLE 6<\/strong><\/p>\n\n\n\n<p>La d\u00e9livrance aux mineurs, hors de l\u2019autorisation \u00e9crite de leurs parents, de munitions charg\u00e9es \u00e0 poudre est interdite.<\/p>\n\n\n\n<p><strong>ARTICLE 7<\/strong><\/p>\n\n\n\n<p>D\u00e8s qu\u2019au pas de tir (quel qu\u2019il soit) le nombre de tireur atteint deux, celui qui se trouve \u00e0 l\u2019emplacement le plus proche de l\u2019acc\u00e8s aux cibles, pourvu qu\u2019il soit majeur, est <strong>responsable du pas de tir<\/strong>.<\/p>\n\n\n\n<p>Il assume par le fait les fonctions suivantes :&nbsp;<\/p>\n\n\n\n<ul class=\"wp-block-list\">\n<li>Veiller \u00e0 la discipline et \u00e0 la s\u00e9curit\u00e9.<\/li>\n\n\n\n<li>Intervenir en cas de probl\u00e8me.<\/li>\n\n\n\n<li>Signaler les manquements au permanent ou responsable du Club.<\/li>\n\n\n\n<li>G\u00e9rer l\u2019acc\u00e8s aux cibles en toute s\u00e9curit\u00e9, comme d\u00e9crit ci-apr\u00e8s:<\/li>\n<\/ul>\n\n\n\n<p>Bien que tous les postes des pas de tir soient \u00e9quip\u00e9s de rameneurs \u00e9lectriques, l\u2019acc\u00e8s en avant du pas de tir peut s\u2019av\u00e9rer n\u00e9cessaire, par exemple lors de l\u2019utilisation de la ciblerie vitesse, ou pour r\u00e9cup\u00e9rer un objet ou douille, etc\u2026<\/p>\n\n\n\n<p>Cet acc\u00e8s peut se faire en respectant les r\u00e8gles \u00e9l\u00e9mentaires de s\u00e9curit\u00e9, et est g\u00e9r\u00e9 par le <strong>responsable du pas de tir<\/strong>:<\/p>\n\n\n\n<ul class=\"wp-block-list\">\n<li>signaler aux tireurs l\u2019arr\u00eat du tir et v\u00e9rifier la mise en s\u00e9curit\u00e9 de toutes les armes,<\/li>\n\n\n\n<li>aucune pr\u00e9sence \u00e0 moins d\u2019un m\u00e8tre des postes de tir,<\/li>\n\n\n\n<li>ouvrir la porte d\u2019acc\u00e8s aux cibles (avec signal lumineux automatique)<\/li>\n\n\n\n<li>apr\u00e8s l\u2019intervention, v\u00e9rifier visuellement que personne n\u2019est encore pr\u00e9sent en-avant des pas de tir<\/li>\n\n\n\n<li>refermer la porte et r\u00e9-autoriser la reprise du tir<\/li>\n<\/ul>\n\n\n\n<p><strong>ARTICLE 8<\/strong><\/p>\n\n\n\n<p>Le pr\u00e9sent r\u00e8glement peut \u00eatre modifi\u00e9 sur simple d\u00e9cision du Comit\u00e9 Directeur du C.T.ANNONAY.<\/p>\n\n\n\n<p><strong>ARTICLE 9<\/strong><\/p>\n\n\n\n<p>Des installations, entreprises, habitations et animaux domestiques avoisinent le stand&#8230;<\/p>\n\n\n\n<ul class=\"wp-block-list\">\n<li>Il est demand\u00e9 de rouler au pas \u00e0 partir du portail de l\u2019usine.<\/li>\n\n\n\n<li>Il est interdit de circuler dans les locaux autres que ceux affect\u00e9s au C.T.ANNONAY. La responsabilit\u00e9 du Club, en cas d\u2019inobservance de cette r\u00e8gle, est totalement d\u00e9gag\u00e9e.<\/li>\n\n\n\n<li>Il est prescrit aux usagers du parking int\u00e9rieur de respecter les acc\u00e8s aux divers locaux et de ne pas entraver la circulation.<\/li>\n<\/ul>\n\n\n\n<p><strong>ARTICLE 10<\/strong><\/p>\n\n\n\n<p>Seuls les membres du Comit\u00e9 Directeur pourront d\u00e9tenir une cl\u00e9 si leur fonction le n\u00e9cessite.<\/p>\n\n\n\n<p>N\u00e9anmoins, sur d\u00e9cision du Comit\u00e9 Directeur, celui-ci se r\u00e9serve le droit d\u2019attribuer les cl\u00e9s \u00e0 un adh\u00e9rent, \u00e0 titre exceptionnel et pour une dur\u00e9e limit\u00e9e. Exemple avec un comp\u00e9titeur av\u00e9r\u00e9 et dont les permanences ne lui permettent pas de suffire \u00e0 son entra\u00eenement, ou pour travaux exceptionnels.<\/p>\n\n\n\n<p><strong>ARTICLE 11<\/strong><\/p>\n\n\n\n<p><strong>Acc\u00e8s aux pas de tir&nbsp;:<\/strong><\/p>\n\n\n\n<p>Tout adh\u00e9rent, m\u00eame mineur s\u2019il est accompagn\u00e9 d\u2019un adulte, peut observer les tireurs aux stands 10m, 25m et 50m, sous conditions de respecter la concentration des tireurs et les r\u00e8gles de s\u00e9curit\u00e9, de porter des protections auditives et de se plier aux commandements du responsable du pas de tir.<\/p>\n\n\n\n<p>Lorsqu\u2019un adh\u00e9rent d\u00e9sire tirer pour la 1<sup>\u00e8re<\/sup> fois \u00e0 25 ou 50m, il doit avoir le niveau suffisant en air comprim\u00e9 \u00e0 10m, et l\u2019accord du permanent, il s\u2019assurera du respect des r\u00e8gles de s\u00e9curit\u00e9.<\/p>\n\n\n\n<p><strong>Invit\u00e9s&nbsp;:<\/strong><\/p>\n\n\n\n<p>Tout adh\u00e9rent accompagn\u00e9 d\u2019un invit\u00e9 lors d\u2019une s\u00e9ance peut lui faire essayer le tir, apr\u00e8s accord du Pr\u00e9sident, dans le respect des directives en vigueur de la FFTir et qu\u2019il soit \u00e2g\u00e9 d\u2019au moins 15 ans pour le tir \u00e0 armes \u00e0 feu.<\/p>\n\n\n\n<p>L\u2019adh\u00e9rent s\u2019engage \u00e0 faire respecter le pr\u00e9sent r\u00e8glement \u00e0 la personne qu\u2019il invite.<\/p>\n\n\n\n<p>Un adh\u00e9rent ne peut venir avec un invit\u00e9 plus de 3 fois dans la saison.<\/p>\n\n\n\n<p>Un m\u00eame invit\u00e9 ne peut pas tirer plus de 2 fois dans la saison.<\/p>\n\n\n\n<p><em>R\u00e8glement Int\u00e9rieur modifi\u00e9 et approuv\u00e9 par le Comit\u00e9 Directeur le\u00a0: 26 mars 2026<\/em><\/p>\n","protected":false},"excerpt":{"rendered":"<p>ARTICLE 1 Le pr\u00e9sent article fait suite et compl\u00e9ment \u00e0 l\u2019article 6 des Statuts du Club de Tir d\u2019ANNONAY. Le Comit\u00e9 Directeur d\u00e9signe un Bureau compos\u00e9 en outre du (de la) Pr\u00e9sident (e) de l\u2019association, de&nbsp;: ARTICLE 2 Ainsi qu\u2019il est d\u00e9j\u00e0 pr\u00e9cis\u00e9 \u00e0 l\u2019article 16 des Statuts, tout adh\u00e9rent et m\u00eame simple visiteur, est&hellip; <br \/> <a class=\"read-more\" href=\"https:\/\/www.tir-annonay.fr\/?page_id=333\">Lire la suite<\/a><\/p>\n","protected":false},"author":3,"featured_media":0,"parent":0,"menu_order":0,"comment_status":"closed","ping_status":"closed","template":"","meta":{"_mc_calendar":[],"footnotes":""},"class_list":["post-333","page","type-page","status-publish","hentry"],"aioseo_notices":[],"_links":{"self":[{"href":"https:\/\/www.tir-annonay.fr\/index.php?rest_route=\/wp\/v2\/pages\/333","targetHints":{"allow":["GET"]}}],"collection":[{"href":"https:\/\/www.tir-annonay.fr\/index.php?rest_route=\/wp\/v2\/pages"}],"about":[{"href":"https:\/\/www.tir-annonay.fr\/index.php?rest_route=\/wp\/v2\/types\/page"}],"author":[{"embeddable":true,"href":"https:\/\/www.tir-annonay.fr\/index.php?rest_route=\/wp\/v2\/users\/3"}],"replies":[{"embeddable":true,"href":"https:\/\/www.tir-annonay.fr\/index.php?rest_route=%2Fwp%2Fv2%2Fcomments&post=333"}],"version-history":[{"count":12,"href":"https:\/\/www.tir-annonay.fr\/index.php?rest_route=\/wp\/v2\/pages\/333\/revisions"}],"predecessor-version":[{"id":1878,"href":"https:\/\/www.tir-annonay.fr\/index.php?rest_route=\/wp\/v2\/pages\/333\/revisions\/1878"}],"wp:attachment":[{"href":"https:\/\/www.tir-annonay.fr\/index.php?rest_route=%2Fwp%2Fv2%2Fmedia&parent=333"}],"curies":[{"name":"wp","href":"https:\/\/api.w.org\/{rel}","templated":true}]}}