{"id":199,"date":"2019-05-15T20:37:55","date_gmt":"2019-05-15T20:37:55","guid":{"rendered":"http:\/\/www.tir-annonay.fr\/?page_id=199"},"modified":"2024-02-26T09:29:53","modified_gmt":"2024-02-26T09:29:53","slug":"concours-des-arquebusiers-dannonay","status":"publish","type":"page","link":"https:\/\/www.tir-annonay.fr\/?page_id=199","title":{"rendered":"Concours des Arquebusiers d&rsquo;Annonay"},"content":{"rendered":"\n<p class=\"has-text-align-center has-vivid-purple-color has-text-color has-link-color has-medium-font-size wp-elements-4889b14a6411999e6fe29364c4d5b01c\">&#8211; <strong><em>Pas d&rsquo;\u00e9dition du concours 2024<\/em><\/strong> &#8211;<\/p>\n\n\n\n<hr class=\"wp-block-separator has-alpha-channel-opacity\"\/>\n\n\n\n<h4 class=\"wp-block-heading has-medium-font-size\">26\u00e8me Concours des Arquebusiers d\u2019Annonay &#8211; 23 et 24 septembre 2023<\/h4>\n\n\n\n<p>R\u00e9sultats 2023 &#8211; <a href=\"https:\/\/www.tir-annonay.fr\/wp-content\/uploads\/2023\/09\/Resultats_Concours_CTA_2023_v3.pdf\" target=\"_blank\" rel=\"noopener\" title=\"\">cliquez ici<\/a><\/p>\n\n\n\n<p><em>Merci \u00e0 tous pour votre participation, nous avons \u00e9t\u00e9 ravis de vous accueillir!<\/em><\/p>\n\n\n\n<hr class=\"wp-block-separator has-alpha-channel-opacity\"\/>\n\n\n\n<hr class=\"wp-block-separator has-alpha-channel-opacity\"\/>\n\n\n\n<div class=\"wp-block-group\"><div class=\"wp-block-group__inner-container is-layout-flow wp-block-group-is-layout-flow\">\n<div class=\"wp-block-group\"><div class=\"wp-block-group__inner-container is-layout-flow wp-block-group-is-layout-flow\">\n<p class=\"has-text-align-center has-text-color has-background has-medium-font-size\" style=\"color:#fff70b;background-color:#79193e\">Ce rassemblement s&rsquo;effectue comme chaque ann\u00e9e sur le site \u00e9ph\u00e9m\u00e8re de St-Marcel-les-Annonay.<\/p>\n<\/div><\/div>\n\n\n\n<div class=\"wp-block-group\"><div class=\"wp-block-group__inner-container is-layout-flow wp-block-group-is-layout-flow\">\n<p><strong>Coordonn\u00e9es GPS du concours :<\/strong><\/p>\n<\/div><\/div>\n\n\n\n<ul class=\"wp-block-list\">\n<li>45\u00b017&rsquo;19.2&Prime;N 4\u00b038&rsquo;19.8&Prime;E<\/li>\n<\/ul>\n\n\n\n<ul class=\"wp-block-list\">\n<li>45.288658, 4.638836<\/li>\n<\/ul>\n\n\n\n<p><strong>Lien de la position sur Google Maps: <a href=\"https:\/\/goo.gl\/maps\/Nzrs3Vvdgnn\" target=\"_blank\" rel=\"noreferrer noopener\">https:\/\/goo.gl\/maps\/Nzrs3Vvdgnn<\/a><\/strong><\/p>\n\n\n\n<hr class=\"wp-block-separator has-alpha-channel-opacity\"\/>\n<\/div><\/div>\n\n\n\n<div data-wp-interactive=\"core\/file\" class=\"wp-block-file\"><object data-wp-bind--hidden=\"!state.hasPdfPreview\" hidden class=\"wp-block-file__embed\" data=\"https:\/\/www.tir-annonay.fr\/wp-content\/uploads\/2023\/06\/Affiche-concours-Arquebusiers-Annonay-2023.pdf\" type=\"application\/pdf\" style=\"width:100%;height:600px\" aria-label=\"Contenu embarqu\u00e9 Affiche concours Arquebusiers Annonay 2023.\"><\/object><a id=\"wp-block-file--media-6de5af15-6044-4f18-98ad-d3d0437a1f55\" href=\"https:\/\/www.tir-annonay.fr\/wp-content\/uploads\/2023\/06\/Affiche-concours-Arquebusiers-Annonay-2023.pdf\">Affiche concours Arquebusiers Annonay 2023<\/a><a href=\"https:\/\/www.tir-annonay.fr\/wp-content\/uploads\/2023\/06\/Affiche-concours-Arquebusiers-Annonay-2023.pdf\" class=\"wp-block-file__button wp-element-button\" download aria-describedby=\"wp-block-file--media-6de5af15-6044-4f18-98ad-d3d0437a1f55\">T\u00e9l\u00e9charger<\/a><\/div>\n\n\n\n<hr class=\"wp-block-separator has-css-opacity is-style-wide\"\/>\n\n\n\n<p><strong><mark style=\"background-color:rgba(0, 0, 0, 0)\" class=\"has-inline-color has-vivid-green-cyan-color\">R\u00e9sultats 2022<\/mark> <a href=\"https:\/\/www.tir-annonay.fr\/wp-content\/uploads\/2022\/09\/resultats_2022.pdf\" target=\"_blank\" rel=\"noopener\">ici<\/a><\/strong><\/p>\n\n\n\n<hr class=\"wp-block-separator has-css-opacity is-style-wide\"\/>\n\n\n\n<div class=\"wp-block-file\"><a id=\"wp-block-file--media-309a77eb-8e41-450f-8861-2545b3d60601\" href=\"https:\/\/www.tir-annonay.fr\/wp-content\/uploads\/2021\/09\/Resultats-Annonay-2021.pdf\" target=\"_blank\" rel=\"noreferrer noopener\"><mark style=\"background-color:rgba(0, 0, 0, 0);color:#8d0263\" class=\"has-inline-color\"><strong>R\u00e9sultats Annonay 2021<\/strong><\/mark><\/a><a href=\"https:\/\/www.tir-annonay.fr\/wp-content\/uploads\/2021\/09\/Resultats-Annonay-2021.pdf\" class=\"wp-block-file__button wp-element-button\" download aria-describedby=\"wp-block-file--media-309a77eb-8e41-450f-8861-2545b3d60601\">T\u00e9l\u00e9charger<\/a><\/div>\n\n\n\n<p class=\"has-medium-font-size\"><mark style=\"background-color:rgba(0, 0, 0, 0)\" class=\"has-inline-color has-vivid-red-color\"><strong>Merci \u00e0 tous les tireurs, vous avons pris plaisir \u00e0 vous recevoir!<\/strong><\/mark><\/p>\n\n\n\n<p>Quelques photos de ce week-end:<\/p>\n\n\n\n<figure class=\"wp-block-image size-large\"><img loading=\"lazy\" decoding=\"async\" width=\"810\" height=\"540\" src=\"https:\/\/www.tir-annonay.fr\/wp-content\/uploads\/2021\/09\/Webp.net-gifmaker.gif\" alt=\"\" class=\"wp-image-767\"\/><\/figure>\n\n\n\n<figure class=\"wp-block-image size-large\"><img loading=\"lazy\" decoding=\"async\" width=\"1024\" height=\"683\" src=\"https:\/\/www.tir-annonay.fr\/wp-content\/uploads\/2021\/09\/DSC_0070_1-1024x683.jpg\" alt=\"\" class=\"wp-image-769\" srcset=\"https:\/\/www.tir-annonay.fr\/wp-content\/uploads\/2021\/09\/DSC_0070_1-1024x683.jpg 1024w, https:\/\/www.tir-annonay.fr\/wp-content\/uploads\/2021\/09\/DSC_0070_1-300x200.jpg 300w, https:\/\/www.tir-annonay.fr\/wp-content\/uploads\/2021\/09\/DSC_0070_1-768x512.jpg 768w, https:\/\/www.tir-annonay.fr\/wp-content\/uploads\/2021\/09\/DSC_0070_1-1536x1024.jpg 1536w, https:\/\/www.tir-annonay.fr\/wp-content\/uploads\/2021\/09\/DSC_0070_1.jpg 1620w\" sizes=\"auto, (max-width: 1024px) 100vw, 1024px\" \/><\/figure>\n\n\n\n<figure class=\"wp-block-image size-large is-style-default\"><img loading=\"lazy\" decoding=\"async\" width=\"1024\" height=\"683\" src=\"https:\/\/www.tir-annonay.fr\/wp-content\/uploads\/2021\/09\/DSC_0930_2-1024x683.jpg\" alt=\"\" class=\"wp-image-771\" srcset=\"https:\/\/www.tir-annonay.fr\/wp-content\/uploads\/2021\/09\/DSC_0930_2-1024x683.jpg 1024w, https:\/\/www.tir-annonay.fr\/wp-content\/uploads\/2021\/09\/DSC_0930_2-300x200.jpg 300w, https:\/\/www.tir-annonay.fr\/wp-content\/uploads\/2021\/09\/DSC_0930_2-768x512.jpg 768w, https:\/\/www.tir-annonay.fr\/wp-content\/uploads\/2021\/09\/DSC_0930_2-1536x1024.jpg 1536w, https:\/\/www.tir-annonay.fr\/wp-content\/uploads\/2021\/09\/DSC_0930_2.jpg 1620w\" sizes=\"auto, (max-width: 1024px) 100vw, 1024px\" \/><\/figure>\n\n\n\n<figure class=\"wp-block-image size-large\"><img loading=\"lazy\" decoding=\"async\" width=\"1024\" height=\"683\" src=\"https:\/\/www.tir-annonay.fr\/wp-content\/uploads\/2021\/09\/DSC_0994_2-1024x683.jpg\" alt=\"\" class=\"wp-image-772\" srcset=\"https:\/\/www.tir-annonay.fr\/wp-content\/uploads\/2021\/09\/DSC_0994_2-1024x683.jpg 1024w, https:\/\/www.tir-annonay.fr\/wp-content\/uploads\/2021\/09\/DSC_0994_2-300x200.jpg 300w, https:\/\/www.tir-annonay.fr\/wp-content\/uploads\/2021\/09\/DSC_0994_2-768x512.jpg 768w, https:\/\/www.tir-annonay.fr\/wp-content\/uploads\/2021\/09\/DSC_0994_2-1536x1024.jpg 1536w, https:\/\/www.tir-annonay.fr\/wp-content\/uploads\/2021\/09\/DSC_0994_2.jpg 1620w\" sizes=\"auto, (max-width: 1024px) 100vw, 1024px\" \/><\/figure>\n\n\n\n<figure class=\"wp-block-image size-large\"><img loading=\"lazy\" decoding=\"async\" width=\"1024\" height=\"768\" src=\"https:\/\/www.tir-annonay.fr\/wp-content\/uploads\/2021\/09\/IMG_20210925_151616_070-1024x768.jpg\" alt=\"\" class=\"wp-image-774\" srcset=\"https:\/\/www.tir-annonay.fr\/wp-content\/uploads\/2021\/09\/IMG_20210925_151616_070-1024x768.jpg 1024w, https:\/\/www.tir-annonay.fr\/wp-content\/uploads\/2021\/09\/IMG_20210925_151616_070-300x225.jpg 300w, https:\/\/www.tir-annonay.fr\/wp-content\/uploads\/2021\/09\/IMG_20210925_151616_070-768x576.jpg 768w, https:\/\/www.tir-annonay.fr\/wp-content\/uploads\/2021\/09\/IMG_20210925_151616_070-1536x1152.jpg 1536w, https:\/\/www.tir-annonay.fr\/wp-content\/uploads\/2021\/09\/IMG_20210925_151616_070-2048x1536.jpg 2048w, https:\/\/www.tir-annonay.fr\/wp-content\/uploads\/2021\/09\/IMG_20210925_151616_070-1440x1080.jpg 1440w\" sizes=\"auto, (max-width: 1024px) 100vw, 1024px\" \/><\/figure>\n\n\n\n<figure class=\"wp-block-image size-large\"><img loading=\"lazy\" decoding=\"async\" width=\"1024\" height=\"683\" src=\"https:\/\/www.tir-annonay.fr\/wp-content\/uploads\/2021\/09\/DSC_0968_2-1024x683.jpg\" alt=\"\" class=\"wp-image-776\" srcset=\"https:\/\/www.tir-annonay.fr\/wp-content\/uploads\/2021\/09\/DSC_0968_2-1024x683.jpg 1024w, https:\/\/www.tir-annonay.fr\/wp-content\/uploads\/2021\/09\/DSC_0968_2-300x200.jpg 300w, https:\/\/www.tir-annonay.fr\/wp-content\/uploads\/2021\/09\/DSC_0968_2-768x512.jpg 768w, https:\/\/www.tir-annonay.fr\/wp-content\/uploads\/2021\/09\/DSC_0968_2-1536x1024.jpg 1536w, https:\/\/www.tir-annonay.fr\/wp-content\/uploads\/2021\/09\/DSC_0968_2.jpg 1620w\" sizes=\"auto, (max-width: 1024px) 100vw, 1024px\" \/><\/figure>\n\n\n\n<figure class=\"wp-block-image size-large\"><img loading=\"lazy\" decoding=\"async\" width=\"1024\" height=\"683\" src=\"https:\/\/www.tir-annonay.fr\/wp-content\/uploads\/2021\/09\/DSC_0972_2-1024x683.jpg\" alt=\"\" class=\"wp-image-777\" srcset=\"https:\/\/www.tir-annonay.fr\/wp-content\/uploads\/2021\/09\/DSC_0972_2-1024x683.jpg 1024w, https:\/\/www.tir-annonay.fr\/wp-content\/uploads\/2021\/09\/DSC_0972_2-300x200.jpg 300w, https:\/\/www.tir-annonay.fr\/wp-content\/uploads\/2021\/09\/DSC_0972_2-768x512.jpg 768w, https:\/\/www.tir-annonay.fr\/wp-content\/uploads\/2021\/09\/DSC_0972_2-1536x1024.jpg 1536w, https:\/\/www.tir-annonay.fr\/wp-content\/uploads\/2021\/09\/DSC_0972_2.jpg 1620w\" sizes=\"auto, (max-width: 1024px) 100vw, 1024px\" \/><\/figure>\n\n\n\n<figure class=\"wp-block-image size-large\"><img loading=\"lazy\" decoding=\"async\" width=\"768\" height=\"1024\" src=\"https:\/\/www.tir-annonay.fr\/wp-content\/uploads\/2021\/09\/IMG_20210925_130328_1-768x1024.jpg\" alt=\"\" class=\"wp-image-778\" srcset=\"https:\/\/www.tir-annonay.fr\/wp-content\/uploads\/2021\/09\/IMG_20210925_130328_1-768x1024.jpg 768w, https:\/\/www.tir-annonay.fr\/wp-content\/uploads\/2021\/09\/IMG_20210925_130328_1-225x300.jpg 225w, https:\/\/www.tir-annonay.fr\/wp-content\/uploads\/2021\/09\/IMG_20210925_130328_1-810x1080.jpg 810w, https:\/\/www.tir-annonay.fr\/wp-content\/uploads\/2021\/09\/IMG_20210925_130328_1.jpg 821w\" sizes=\"auto, (max-width: 768px) 100vw, 768px\" \/><\/figure>\n\n\n\n<figure class=\"wp-block-image size-large\"><img loading=\"lazy\" decoding=\"async\" width=\"768\" height=\"1024\" src=\"https:\/\/www.tir-annonay.fr\/wp-content\/uploads\/2021\/09\/IMG_20210925_142407_046_1-768x1024.jpg\" alt=\"\" class=\"wp-image-781\" srcset=\"https:\/\/www.tir-annonay.fr\/wp-content\/uploads\/2021\/09\/IMG_20210925_142407_046_1-768x1024.jpg 768w, https:\/\/www.tir-annonay.fr\/wp-content\/uploads\/2021\/09\/IMG_20210925_142407_046_1-225x300.jpg 225w, https:\/\/www.tir-annonay.fr\/wp-content\/uploads\/2021\/09\/IMG_20210925_142407_046_1-810x1080.jpg 810w, https:\/\/www.tir-annonay.fr\/wp-content\/uploads\/2021\/09\/IMG_20210925_142407_046_1.jpg 821w\" sizes=\"auto, (max-width: 768px) 100vw, 768px\" \/><\/figure>\n\n\n\n<hr class=\"wp-block-separator has-css-opacity aligncenter is-style-wide\"\/>\n\n\n\n<figure class=\"wp-block-image size-large\"><img loading=\"lazy\" decoding=\"async\" width=\"768\" height=\"1024\" src=\"https:\/\/www.tir-annonay.fr\/wp-content\/uploads\/2021\/09\/IMG_20210925_142326_1-768x1024.jpg\" alt=\"\" class=\"wp-image-780\" srcset=\"https:\/\/www.tir-annonay.fr\/wp-content\/uploads\/2021\/09\/IMG_20210925_142326_1-768x1024.jpg 768w, https:\/\/www.tir-annonay.fr\/wp-content\/uploads\/2021\/09\/IMG_20210925_142326_1-225x300.jpg 225w, https:\/\/www.tir-annonay.fr\/wp-content\/uploads\/2021\/09\/IMG_20210925_142326_1-810x1080.jpg 810w, https:\/\/www.tir-annonay.fr\/wp-content\/uploads\/2021\/09\/IMG_20210925_142326_1.jpg 821w\" sizes=\"auto, (max-width: 768px) 100vw, 768px\" \/><\/figure>\n\n\n\n<figure class=\"wp-block-image size-large\"><img loading=\"lazy\" decoding=\"async\" width=\"768\" height=\"1024\" src=\"https:\/\/www.tir-annonay.fr\/wp-content\/uploads\/2021\/09\/IMG_20210925_150553_1-768x1024.jpg\" alt=\"\" class=\"wp-image-782\" srcset=\"https:\/\/www.tir-annonay.fr\/wp-content\/uploads\/2021\/09\/IMG_20210925_150553_1-768x1024.jpg 768w, https:\/\/www.tir-annonay.fr\/wp-content\/uploads\/2021\/09\/IMG_20210925_150553_1-225x300.jpg 225w, https:\/\/www.tir-annonay.fr\/wp-content\/uploads\/2021\/09\/IMG_20210925_150553_1-810x1080.jpg 810w, https:\/\/www.tir-annonay.fr\/wp-content\/uploads\/2021\/09\/IMG_20210925_150553_1.jpg 821w\" sizes=\"auto, (max-width: 768px) 100vw, 768px\" \/><\/figure>\n\n\n\n<figure class=\"wp-block-image size-large\"><img loading=\"lazy\" decoding=\"async\" width=\"768\" height=\"1024\" src=\"https:\/\/www.tir-annonay.fr\/wp-content\/uploads\/2021\/09\/IMG_20210926_161140_1-768x1024.jpg\" alt=\"\" class=\"wp-image-783\" srcset=\"https:\/\/www.tir-annonay.fr\/wp-content\/uploads\/2021\/09\/IMG_20210926_161140_1-768x1024.jpg 768w, https:\/\/www.tir-annonay.fr\/wp-content\/uploads\/2021\/09\/IMG_20210926_161140_1-225x300.jpg 225w, https:\/\/www.tir-annonay.fr\/wp-content\/uploads\/2021\/09\/IMG_20210926_161140_1-810x1080.jpg 810w, https:\/\/www.tir-annonay.fr\/wp-content\/uploads\/2021\/09\/IMG_20210926_161140_1.jpg 821w\" sizes=\"auto, (max-width: 768px) 100vw, 768px\" \/><\/figure>\n\n\n\n<hr class=\"wp-block-separator has-css-opacity aligncenter is-style-wide\"\/>\n\n\n\n<hr class=\"wp-block-separator has-css-opacity is-style-wide\"\/>\n\n\n\n<div class=\"wp-block-file\"><a id=\"wp-block-file--media-bed0665e-aee8-4067-a6e8-fb8c33424822\" href=\"https:\/\/www.tir-annonay.fr\/wp-content\/uploads\/2019\/10\/R\u00e9sultats-Annonay-2019.pdf\">R\u00e9sultats Annonay 2019<\/a><a href=\"https:\/\/www.tir-annonay.fr\/wp-content\/uploads\/2019\/10\/R\u00e9sultats-Annonay-2019.pdf\" class=\"wp-block-file__button wp-element-button\" download aria-describedby=\"wp-block-file--media-bed0665e-aee8-4067-a6e8-fb8c33424822\">T\u00e9l\u00e9charger<\/a><\/div>\n\n\n\n<ul class=\"wp-block-list\">\n<li>Photos 2019:<\/li>\n<\/ul>\n\n\n\n<figure class=\"wp-block-image\"><img loading=\"lazy\" decoding=\"async\" width=\"1024\" height=\"576\" src=\"https:\/\/www.tir-annonay.fr\/wp-content\/uploads\/2019\/09\/P1030685_red-1024x576.jpg\" alt=\"\" class=\"wp-image-541\" srcset=\"https:\/\/www.tir-annonay.fr\/wp-content\/uploads\/2019\/09\/P1030685_red-1024x576.jpg 1024w, https:\/\/www.tir-annonay.fr\/wp-content\/uploads\/2019\/09\/P1030685_red-300x169.jpg 300w, https:\/\/www.tir-annonay.fr\/wp-content\/uploads\/2019\/09\/P1030685_red-768x432.jpg 768w, https:\/\/www.tir-annonay.fr\/wp-content\/uploads\/2019\/09\/P1030685_red.jpg 1536w\" sizes=\"auto, (max-width: 1024px) 100vw, 1024px\" \/><\/figure>\n\n\n\n<figure class=\"wp-block-image\"><img loading=\"lazy\" decoding=\"async\" width=\"1024\" height=\"576\" src=\"https:\/\/www.tir-annonay.fr\/wp-content\/uploads\/2019\/09\/P1030690_red-1024x576.jpg\" alt=\"\" class=\"wp-image-542\" srcset=\"https:\/\/www.tir-annonay.fr\/wp-content\/uploads\/2019\/09\/P1030690_red-1024x576.jpg 1024w, https:\/\/www.tir-annonay.fr\/wp-content\/uploads\/2019\/09\/P1030690_red-300x169.jpg 300w, https:\/\/www.tir-annonay.fr\/wp-content\/uploads\/2019\/09\/P1030690_red-768x432.jpg 768w, https:\/\/www.tir-annonay.fr\/wp-content\/uploads\/2019\/09\/P1030690_red.jpg 1536w\" sizes=\"auto, (max-width: 1024px) 100vw, 1024px\" \/><\/figure>\n\n\n\n<figure class=\"wp-block-image\"><img loading=\"lazy\" decoding=\"async\" width=\"1024\" height=\"576\" src=\"https:\/\/www.tir-annonay.fr\/wp-content\/uploads\/2019\/09\/P1030688_red-1024x576.jpg\" alt=\"\" class=\"wp-image-553\" srcset=\"https:\/\/www.tir-annonay.fr\/wp-content\/uploads\/2019\/09\/P1030688_red-1024x576.jpg 1024w, https:\/\/www.tir-annonay.fr\/wp-content\/uploads\/2019\/09\/P1030688_red-300x169.jpg 300w, https:\/\/www.tir-annonay.fr\/wp-content\/uploads\/2019\/09\/P1030688_red-768x432.jpg 768w, https:\/\/www.tir-annonay.fr\/wp-content\/uploads\/2019\/09\/P1030688_red.jpg 1536w\" sizes=\"auto, (max-width: 1024px) 100vw, 1024px\" \/><\/figure>\n\n\n\n<figure class=\"wp-block-image\"><img loading=\"lazy\" decoding=\"async\" width=\"1024\" height=\"576\" src=\"https:\/\/www.tir-annonay.fr\/wp-content\/uploads\/2019\/09\/P1030666_red-1024x576.jpg\" alt=\"\" class=\"wp-image-552\" srcset=\"https:\/\/www.tir-annonay.fr\/wp-content\/uploads\/2019\/09\/P1030666_red-1024x576.jpg 1024w, https:\/\/www.tir-annonay.fr\/wp-content\/uploads\/2019\/09\/P1030666_red-300x169.jpg 300w, https:\/\/www.tir-annonay.fr\/wp-content\/uploads\/2019\/09\/P1030666_red-768x432.jpg 768w, https:\/\/www.tir-annonay.fr\/wp-content\/uploads\/2019\/09\/P1030666_red.jpg 1837w\" sizes=\"auto, (max-width: 1024px) 100vw, 1024px\" \/><\/figure>\n\n\n\n<figure class=\"wp-block-image\"><img loading=\"lazy\" decoding=\"async\" width=\"1024\" height=\"576\" src=\"https:\/\/www.tir-annonay.fr\/wp-content\/uploads\/2019\/09\/P1030642-red-1024x576.jpg\" alt=\"\" class=\"wp-image-551\" srcset=\"https:\/\/www.tir-annonay.fr\/wp-content\/uploads\/2019\/09\/P1030642-red-1024x576.jpg 1024w, https:\/\/www.tir-annonay.fr\/wp-content\/uploads\/2019\/09\/P1030642-red-300x169.jpg 300w, https:\/\/www.tir-annonay.fr\/wp-content\/uploads\/2019\/09\/P1030642-red-768x432.jpg 768w, https:\/\/www.tir-annonay.fr\/wp-content\/uploads\/2019\/09\/P1030642-red.jpg 1837w\" sizes=\"auto, (max-width: 1024px) 100vw, 1024px\" \/><\/figure>\n\n\n\n<figure class=\"wp-block-image\"><img loading=\"lazy\" decoding=\"async\" width=\"960\" height=\"720\" src=\"https:\/\/www.tir-annonay.fr\/wp-content\/uploads\/2019\/05\/Affiche-ternay-2019_CTA.jpg\" alt=\"\" class=\"wp-image-193\" srcset=\"https:\/\/www.tir-annonay.fr\/wp-content\/uploads\/2019\/05\/Affiche-ternay-2019_CTA.jpg 960w, https:\/\/www.tir-annonay.fr\/wp-content\/uploads\/2019\/05\/Affiche-ternay-2019_CTA-300x225.jpg 300w, https:\/\/www.tir-annonay.fr\/wp-content\/uploads\/2019\/05\/Affiche-ternay-2019_CTA-768x576.jpg 768w\" sizes=\"auto, (max-width: 960px) 100vw, 960px\" \/><\/figure>\n\n\n\n<div class=\"wp-block-file\"><a id=\"wp-block-file--media-82f0942f-2dba-4f8e-8025-353c9f01c93e\" href=\"https:\/\/www.tir-annonay.fr\/wp-content\/uploads\/2019\/08\/affiche-concours-Arquebusiers-Annonay-2019.pdf\">affiche concours Arquebusiers Annonay 2019<\/a><a href=\"https:\/\/www.tir-annonay.fr\/wp-content\/uploads\/2019\/08\/affiche-concours-Arquebusiers-Annonay-2019.pdf\" class=\"wp-block-file__button wp-element-button\" download aria-describedby=\"wp-block-file--media-82f0942f-2dba-4f8e-8025-353c9f01c93e\">T\u00e9l\u00e9charger<\/a><\/div>\n\n\n\n<p class=\"has-medium-font-size\"><a href=\"https:\/\/goo.gl\/maps\/qBQSVddMxJSFzq7u8\" target=\"_blank\" rel=\"noreferrer noopener\">https:\/\/goo.gl\/maps\/qBQSVddMxJSFzq7u8<\/a><\/p>\n\n\n\n<figure class=\"wp-block-image\"><img loading=\"lazy\" decoding=\"async\" width=\"1024\" height=\"693\" src=\"https:\/\/www.tir-annonay.fr\/wp-content\/uploads\/2019\/05\/Site-St-Marcel-1024x693.jpg\" alt=\"\" class=\"wp-image-369\" srcset=\"https:\/\/www.tir-annonay.fr\/wp-content\/uploads\/2019\/05\/Site-St-Marcel-1024x693.jpg 1024w, https:\/\/www.tir-annonay.fr\/wp-content\/uploads\/2019\/05\/Site-St-Marcel-300x203.jpg 300w, https:\/\/www.tir-annonay.fr\/wp-content\/uploads\/2019\/05\/Site-St-Marcel-768x520.jpg 768w, https:\/\/www.tir-annonay.fr\/wp-content\/uploads\/2019\/05\/Site-St-Marcel.jpg 1301w\" sizes=\"auto, (max-width: 1024px) 100vw, 1024px\" \/><\/figure>\n","protected":false},"excerpt":{"rendered":"<p>&#8211; Pas d&rsquo;\u00e9dition du concours 2024 &#8211; 26\u00e8me Concours des Arquebusiers d\u2019Annonay &#8211; 23 et 24 septembre 2023 R\u00e9sultats 2023 &#8211; cliquez ici Merci \u00e0 tous pour votre participation, nous avons \u00e9t\u00e9 ravis de vous accueillir! Ce rassemblement s&rsquo;effectue comme chaque ann\u00e9e sur le site \u00e9ph\u00e9m\u00e8re de St-Marcel-les-Annonay. Coordonn\u00e9es GPS du concours : Lien de&hellip; <br \/> <a class=\"read-more\" href=\"https:\/\/www.tir-annonay.fr\/?page_id=199\">Lire la suite<\/a><\/p>\n","protected":false},"author":3,"featured_media":0,"parent":0,"menu_order":0,"comment_status":"closed","ping_status":"closed","template":"","meta":{"_mc_calendar":[],"footnotes":""},"class_list":["post-199","page","type-page","status-publish","hentry"],"aioseo_notices":[],"_links":{"self":[{"href":"https:\/\/www.tir-annonay.fr\/index.php?rest_route=\/wp\/v2\/pages\/199","targetHints":{"allow":["GET"]}}],"collection":[{"href":"https:\/\/www.tir-annonay.fr\/index.php?rest_route=\/wp\/v2\/pages"}],"about":[{"href":"https:\/\/www.tir-annonay.fr\/index.php?rest_route=\/wp\/v2\/types\/page"}],"author":[{"embeddable":true,"href":"https:\/\/www.tir-annonay.fr\/index.php?rest_route=\/wp\/v2\/users\/3"}],"replies":[{"embeddable":true,"href":"https:\/\/www.tir-annonay.fr\/index.php?rest_route=%2Fwp%2Fv2%2Fcomments&post=199"}],"version-history":[{"count":55,"href":"https:\/\/www.tir-annonay.fr\/index.php?rest_route=\/wp\/v2\/pages\/199\/revisions"}],"predecessor-version":[{"id":1305,"href":"https:\/\/www.tir-annonay.fr\/index.php?rest_route=\/wp\/v2\/pages\/199\/revisions\/1305"}],"wp:attachment":[{"href":"https:\/\/www.tir-annonay.fr\/index.php?rest_route=%2Fwp%2Fv2%2Fmedia&parent=199"}],"curies":[{"name":"wp","href":"https:\/\/api.w.org\/{rel}","templated":true}]}}