{"id":1309,"date":"2024-03-01T11:51:30","date_gmt":"2024-03-01T11:51:30","guid":{"rendered":"https:\/\/www.tir-annonay.fr\/?page_id=1309"},"modified":"2025-11-02T18:51:21","modified_gmt":"2025-11-02T18:51:21","slug":"compte-sia","status":"publish","type":"page","link":"https:\/\/www.tir-annonay.fr\/?page_id=1309","title":{"rendered":"Compte SIA"},"content":{"rendered":"\n<p>Lien vers l&rsquo;espace de connexion: <a href=\"https:\/\/sia.detenteurs.interieur.gouv.fr\/\" target=\"_blank\" rel=\"noopener\" title=\"\">https:\/\/sia.detenteurs.interieur.gouv.fr\/<\/a><\/p>\n\n\n\n<p>Vous devez maintenir \u00e0 jour les documents dans votre profil, particuli\u00e8rement la licence.<\/p>\n\n\n\n<hr class=\"wp-block-separator has-alpha-channel-opacity\"\/>\n\n\n\n<p>Documents d&rsquo;aide \u00e9dit\u00e9s par le minist\u00e8re et mis \u00e0 disposition par la pr\u00e9fecture de l&rsquo;Ard\u00e8che:<\/p>\n\n\n\n<p><a href=\"https:\/\/www.tir-annonay.fr\/wp-content\/uploads\/2024\/03\/PARTENAIRES_SIA-Tireurs-sportifs.pdf\" target=\"_blank\" rel=\"noopener\" title=\"\">PARTENAIRES_SIA-Tireurs-sportifs.pdf<\/a><\/p>\n\n\n\n<p><a href=\"https:\/\/www.tir-annonay.fr\/wp-content\/uploads\/2024\/03\/SUPPRESSION-DE-DOUBLONS-RATELIER-NUMERIQUE.pdf\" target=\"_blank\" rel=\"noopener\" title=\"\">SUPPRESSION-DE-DOUBLONS-RATELIER-NUMERIQUE.pdf<\/a><\/p>\n\n\n\n<p>Chaque arme dans le r\u00e2telier est r\u00e9pertori\u00e9e par un \u00ab\u00a0Num\u00e9ro d&rsquo;encodage\u00a0\u00bb. Celui-ci est compos\u00e9: <\/p>\n\n\n\n<ul class=\"wp-block-list\">\n<li>du n\u00b0 RGA<\/li>\n\n\n\n<li>d&rsquo;une lettre P (provisoire) ou C (valid\u00e9e par l&rsquo;armurier) et 2 chiffres (24 pour 2024): <strong>en cas de doublon, supprimer celle qui comporte la lettre P et non C<\/strong><\/li>\n\n\n\n<li>du n\u00b0 de s\u00e9rie<\/li>\n<\/ul>\n\n\n\n<p><a href=\"https:\/\/www.tir-annonay.fr\/wp-content\/uploads\/2024\/03\/PARTENAIRES_SIA-Tireurs-sportifs_Evolutions-reglementaires.pdf\">PARTENAIRES_SIA-Tireurs-sportifs_Evolutions-reglementaires.pdf<\/a><\/p>\n\n\n\n<p>Lien vers la page d\u00e9di\u00e9e sur le site de la FFTir: <a href=\"https:\/\/www.fftir.org\/sia-creation-espace-detenteur\/\" target=\"_blank\" rel=\"noopener\" title=\"\">ici<\/a><\/p>\n\n\n\n<p>D\u00e9tail de la l\u00e9gislation: <a href=\"https:\/\/www.tir-annonay.fr\/wp-content\/uploads\/2025\/01\/Circulaire-du-30-aout-2018.pdf\" target=\"_blank\" rel=\"noopener\" title=\"\">Circulaire du 30 juillet 2018 relative \u00e0 la mise en \u0153uvre du d\u00e9cret no 2018-542 du 29 juin 2018 relatif au r\u00e9gime de la fabrication, du commerce, de l\u2019acquisition et de la d\u00e9tention des armes<\/a><\/p>\n\n\n\n<p><\/p>\n","protected":false},"excerpt":{"rendered":"<p>Lien vers l&rsquo;espace de connexion: https:\/\/sia.detenteurs.interieur.gouv.fr\/ Vous devez maintenir \u00e0 jour les documents dans votre profil, particuli\u00e8rement la licence. Documents d&rsquo;aide \u00e9dit\u00e9s par le minist\u00e8re et mis \u00e0 disposition par la pr\u00e9fecture de l&rsquo;Ard\u00e8che: PARTENAIRES_SIA-Tireurs-sportifs.pdf SUPPRESSION-DE-DOUBLONS-RATELIER-NUMERIQUE.pdf Chaque arme dans le r\u00e2telier est r\u00e9pertori\u00e9e par un \u00ab\u00a0Num\u00e9ro d&rsquo;encodage\u00a0\u00bb. Celui-ci est compos\u00e9: PARTENAIRES_SIA-Tireurs-sportifs_Evolutions-reglementaires.pdf Lien vers la page&hellip; <br \/> <a class=\"read-more\" href=\"https:\/\/www.tir-annonay.fr\/?page_id=1309\">Lire la suite<\/a><\/p>\n","protected":false},"author":3,"featured_media":0,"parent":0,"menu_order":0,"comment_status":"closed","ping_status":"closed","template":"","meta":{"_mc_calendar":[],"footnotes":""},"class_list":["post-1309","page","type-page","status-publish","hentry"],"aioseo_notices":[],"_links":{"self":[{"href":"https:\/\/www.tir-annonay.fr\/index.php?rest_route=\/wp\/v2\/pages\/1309","targetHints":{"allow":["GET"]}}],"collection":[{"href":"https:\/\/www.tir-annonay.fr\/index.php?rest_route=\/wp\/v2\/pages"}],"about":[{"href":"https:\/\/www.tir-annonay.fr\/index.php?rest_route=\/wp\/v2\/types\/page"}],"author":[{"embeddable":true,"href":"https:\/\/www.tir-annonay.fr\/index.php?rest_route=\/wp\/v2\/users\/3"}],"replies":[{"embeddable":true,"href":"https:\/\/www.tir-annonay.fr\/index.php?rest_route=%2Fwp%2Fv2%2Fcomments&post=1309"}],"version-history":[{"count":9,"href":"https:\/\/www.tir-annonay.fr\/index.php?rest_route=\/wp\/v2\/pages\/1309\/revisions"}],"predecessor-version":[{"id":1698,"href":"https:\/\/www.tir-annonay.fr\/index.php?rest_route=\/wp\/v2\/pages\/1309\/revisions\/1698"}],"wp:attachment":[{"href":"https:\/\/www.tir-annonay.fr\/index.php?rest_route=%2Fwp%2Fv2%2Fmedia&parent=1309"}],"curies":[{"name":"wp","href":"https:\/\/api.w.org\/{rel}","templated":true}]}}