{"id":1202,"date":"2023-10-04T20:03:39","date_gmt":"2023-10-04T20:03:39","guid":{"rendered":"https:\/\/www.tir-annonay.fr\/?page_id=1202"},"modified":"2026-04-01T19:55:00","modified_gmt":"2026-04-01T19:55:00","slug":"demarche-dautorisation-de-categorie-b","status":"publish","type":"page","link":"https:\/\/www.tir-annonay.fr\/?page_id=1202","title":{"rendered":"D\u00e9marche d&rsquo;autorisation de cat\u00e9gorie B"},"content":{"rendered":"\n<p><em>Cette d\u00e9marche ne s&rsquo;adresse qu&rsquo;aux licenci\u00e9s ayant au minimum 1 an de licence, ayant acquis un niveau acceptable en air comprim\u00e9, justifiant de minimum 5 s\u00e9ances dans l&rsquo;ann\u00e9e, et ayant pass\u00e9 le QCM de contr\u00f4le des connaissances.<\/em><\/p>\n\n\n\n<h2 class=\"wp-block-heading\">Au pr\u00e9alable, avoir cr\u00e9\u00e9 un compte SIA.<\/h2>\n\n\n\n<p>Menu d\u00e9roulant de votre profil:<\/p>\n\n\n\n<figure class=\"wp-block-image size-full is-resized\"><img loading=\"lazy\" decoding=\"async\" width=\"443\" height=\"554\" src=\"https:\/\/www.tir-annonay.fr\/wp-content\/uploads\/2025\/11\/image-2.png\" alt=\"\" class=\"wp-image-1687\" style=\"width:189px;height:auto\" srcset=\"https:\/\/www.tir-annonay.fr\/wp-content\/uploads\/2025\/11\/image-2.png 443w, https:\/\/www.tir-annonay.fr\/wp-content\/uploads\/2025\/11\/image-2-240x300.png 240w\" sizes=\"auto, (max-width: 443px) 100vw, 443px\" \/><\/figure>\n\n\n\n<hr class=\"wp-block-separator has-alpha-channel-opacity\"\/>\n\n\n\n<p>Sur votre compte SIA (connexion <a href=\"https:\/\/sia.detenteurs.interieur.gouv.fr\/\" target=\"_blank\" rel=\"noopener\" title=\"\">ici<\/a>),  <strong>mettre \u00e0 jour<\/strong> les \u00e9l\u00e9ments suivants dans \u00ab\u00a0<strong>Mon profil<\/strong>\u00ab\u00a0:<\/p>\n\n\n\n<ul class=\"wp-block-list\">\n<li>Certificat M\u00e9dical en cours de validit\u00e9<\/li>\n\n\n\n<li>Justificatif de domicile<\/li>\n\n\n\n<li>Licence en cours de validit\u00e9 (t\u00e9l\u00e9charg\u00e9e sur votre compte EDEN)<\/li>\n<\/ul>\n\n\n\n<hr class=\"wp-block-separator has-alpha-channel-opacity\"\/>\n\n\n\n<p>Consulter les autorisations en cours dans \u00ab\u00a0<strong>Mes titres de d\u00e9tention<\/strong>\u00ab\u00a0:<\/p>\n\n\n\n<figure class=\"wp-block-image size-large is-resized\"><img loading=\"lazy\" decoding=\"async\" width=\"1024\" height=\"663\" src=\"https:\/\/www.tir-annonay.fr\/wp-content\/uploads\/2025\/11\/image-3-1024x663.png\" alt=\"\" class=\"wp-image-1693\" style=\"width:585px;height:auto\" srcset=\"https:\/\/www.tir-annonay.fr\/wp-content\/uploads\/2025\/11\/image-3-1024x663.png 1024w, https:\/\/www.tir-annonay.fr\/wp-content\/uploads\/2025\/11\/image-3-300x194.png 300w, https:\/\/www.tir-annonay.fr\/wp-content\/uploads\/2025\/11\/image-3-768x497.png 768w, https:\/\/www.tir-annonay.fr\/wp-content\/uploads\/2025\/11\/image-3.png 1322w\" sizes=\"auto, (max-width: 1024px) 100vw, 1024px\" \/><\/figure>\n\n\n\n<ul class=\"wp-block-list\">\n<li>Ma carte europ\u00e9enne d&rsquo;armes \u00e0 feu (cas des tireurs se d\u00e9pla\u00e7ant \u00e0 l&rsquo;\u00e9tranger)<\/li>\n\n\n\n<li><strong>Mes autorisations<\/strong>: la date de fin de validit\u00e9 est indiqu\u00e9e.<\/li>\n<\/ul>\n\n\n\n<hr class=\"wp-block-separator has-alpha-channel-opacity\"\/>\n\n\n\n<p>Demander une autorisation dans \u00ab\u00a0<strong>Mes d\u00e9marches<\/strong>\u00a0\u00bb sur votre compte SIA:<\/p>\n\n\n\n<p>et fournir les documents demand\u00e9s:<\/p>\n\n\n\n<ul class=\"wp-block-list\">\n<li>avis pr\u00e9alable favorable (\u00e0 demander avant au pr\u00e9sident de club ou via EDEN).<\/li>\n\n\n\n<li>extrait d&rsquo;acte de naissance de moins de 3 mois<\/li>\n<\/ul>\n\n\n\n<p class=\"has-black-color has-luminous-vivid-orange-background-color has-text-color has-background has-link-color wp-elements-c5e183e7952cd59a339367de99d85f1b\"><em>Cette d\u00e9marche n&rsquo;est disponible pour un renouvellement que 6 mois avant la date de p\u00e9remption de l&rsquo;autorisation en cours.<\/em><\/p>\n\n\n\n<hr class=\"wp-block-separator has-css-opacity is-style-wide\"\/>\n\n\n\n<p class=\"has-vivid-red-color has-text-color\"><strong>En cas de changement d&rsquo;adresse, vous devez informer le pr\u00e9fet du d\u00e9partement de votre nouveau domicile.<\/strong><\/p>\n","protected":false},"excerpt":{"rendered":"<p>Cette d\u00e9marche ne s&rsquo;adresse qu&rsquo;aux licenci\u00e9s ayant au minimum 1 an de licence, ayant acquis un niveau acceptable en air comprim\u00e9, justifiant de minimum 5 s\u00e9ances dans l&rsquo;ann\u00e9e, et ayant pass\u00e9 le QCM de contr\u00f4le des connaissances. Au pr\u00e9alable, avoir cr\u00e9\u00e9 un compte SIA. Menu d\u00e9roulant de votre profil: Sur votre compte SIA (connexion ici),&hellip; <br \/> <a class=\"read-more\" href=\"https:\/\/www.tir-annonay.fr\/?page_id=1202\">Lire la suite<\/a><\/p>\n","protected":false},"author":3,"featured_media":0,"parent":0,"menu_order":0,"comment_status":"closed","ping_status":"closed","template":"","meta":{"_mc_calendar":[],"footnotes":""},"class_list":["post-1202","page","type-page","status-publish","hentry"],"aioseo_notices":[],"_links":{"self":[{"href":"https:\/\/www.tir-annonay.fr\/index.php?rest_route=\/wp\/v2\/pages\/1202","targetHints":{"allow":["GET"]}}],"collection":[{"href":"https:\/\/www.tir-annonay.fr\/index.php?rest_route=\/wp\/v2\/pages"}],"about":[{"href":"https:\/\/www.tir-annonay.fr\/index.php?rest_route=\/wp\/v2\/types\/page"}],"author":[{"embeddable":true,"href":"https:\/\/www.tir-annonay.fr\/index.php?rest_route=\/wp\/v2\/users\/3"}],"replies":[{"embeddable":true,"href":"https:\/\/www.tir-annonay.fr\/index.php?rest_route=%2Fwp%2Fv2%2Fcomments&post=1202"}],"version-history":[{"count":9,"href":"https:\/\/www.tir-annonay.fr\/index.php?rest_route=\/wp\/v2\/pages\/1202\/revisions"}],"predecessor-version":[{"id":1883,"href":"https:\/\/www.tir-annonay.fr\/index.php?rest_route=\/wp\/v2\/pages\/1202\/revisions\/1883"}],"wp:attachment":[{"href":"https:\/\/www.tir-annonay.fr\/index.php?rest_route=%2Fwp%2Fv2%2Fmedia&parent=1202"}],"curies":[{"name":"wp","href":"https:\/\/api.w.org\/{rel}","templated":true}]}}